{"id":7039,"date":"2026-02-27T10:46:33","date_gmt":"2026-02-27T10:46:33","guid":{"rendered":"https:\/\/maritesalatiello.com\/it\/?post_type=product&#038;p=7039"},"modified":"2026-03-06T01:05:43","modified_gmt":"2026-03-06T01:05:43","slug":"human-design-corso-livello-1","status":"publish","type":"product","link":"https:\/\/maritesalatiello.com\/it\/prodotto\/human-design-corso-livello-1\/","title":{"rendered":"Human Design Corso Livello 1"},"content":{"rendered":"<h4>HUMAN DESIGN CORSO LIVELLO 1<\/h4>\n<h4>Un Corso Online, 6 settimane, per masterizzare la tua conoscenza dello Human Design, sia che tu sia un principiante, sia che tu abbia gi\u00e0 delle fondamenta di HD.<\/h4>\n<h4>Con Marit\u00e8 Salatiello<\/h4>\n<h4>ISCRIVITI ADESSO<\/h4>\n<h4><b>Questo corso \u00e8 per te se:<\/b><\/h4>\n<h4>\u2026sei pronto a conoscere lo Human Design<span class=\"Apple-converted-space\">\u00a0<\/span><\/h4>\n<h4>\u2026sei pronto ad approfondire lo Human Design e avere delle fondamenta solide delle basi.<\/h4>\n<h4>\u2026 se hai domande che vuoi chiedere e ricevere risposte dirette<span class=\"Apple-converted-space\">\u00a0<\/span><\/h4>\n<h4>\u2026hai voglia di imparare a leggere una chart di human design <span class=\"Apple-converted-space\">\u00a0<\/span><\/h4>\n<h4>\u2026 se hai voglia di applicare lo Human Design alla tua vita quotidiana<\/h4>\n<h4>\u2026 vedere come applicare lo Human Design nel coaching<span class=\"Apple-converted-space\">\u00a0<\/span><\/h4>\n<h5>Prezzo \u20ac499<span class=\"Apple-converted-space\">\u00a0<\/span><\/h5>\n<h5>Solo fino a Gioved\u00ec 5 Febbraio 2026 50% sconto<\/h5>\n<h5>\u20ac250<span class=\"Apple-converted-space\">\u00a0<\/span><\/h5>\n<h5>ISCRIVITI ADESSO<\/h5>\n","protected":false},"excerpt":{"rendered":"<h4>HUMAN DESIGN CORSO LIVELLO 1<\/h4>\n<h4>Un Corso Online, 6 settimane, per masterizzare la tua conoscenza dello Human Design, sia che tu sia un principiante, sia che tu abbia gi\u00e0 delle fondamenta di HD.<\/h4>\n<h4>Con Marit\u00e8 Salatiello<\/h4>\n<h4>ISCRIVITI ADESSO<\/h4>\n<h4><b>Questo corso \u00e8 per te se:<\/b><\/h4>\n<h4>\u2026sei pronto a conoscere lo Human Design<\/h4>\n<h4>\u2026sei pronto ad approfondire lo Human Design e avere delle fondamenta solide delle basi.<\/h4>\n<h4>\u2026 se hai domande che vuoi chiedere e ricevere risposte dirette<\/h4>\n<h4>\u2026hai voglia di imparare a leggere una chart di human design<\/h4>\n<h4>\u2026 se hai voglia di applicare lo Human Design alla tua vita quotidiana<\/h4>\n<h4>\u2026 vedere come applicare lo Human Design nel coaching<\/h4>\n<h5>Prezzo \u20ac499<\/h5>\n<h5>Solo fino a Gioved\u00ec 5 Febbraio 2026 50% sconto<\/h5>\n<h5>\u20ac250<\/h5>\n<h5>ISCRIVITI ADESSO<\/h5>\n","protected":false},"featured_media":7040,"template":"","meta":{"_et_pb_use_builder":"","_et_pb_old_content":"","_et_gb_content_width":""},"product_brand":[],"product_cat":[80,82],"product_tag":[124,162,161],"class_list":{"0":"post-7039","1":"product","2":"type-product","3":"status-publish","4":"has-post-thumbnail","6":"product_cat-corsi","7":"product_cat-courses","8":"product_tag-coaching","9":"product_tag-corsi","10":"product_tag-humandesign","12":"first","13":"instock","14":"shipping-taxable","15":"purchasable","16":"product-type-simple"},"yoast_head":"<!-- This site is optimized with the Yoast SEO plugin v27.1.1 - https:\/\/yoast.com\/product\/yoast-seo-wordpress\/ -->\n<title>Human Design Corso Livello 1 - Marite Salatiello<\/title>\n<meta name=\"robots\" content=\"index, follow, max-snippet:-1, max-image-preview:large, max-video-preview:-1\" \/>\n<link rel=\"canonical\" href=\"https:\/\/maritesalatiello.com\/it\/prodotto\/human-design-corso-livello-1\/\" \/>\n<meta property=\"og:locale\" content=\"it_IT\" \/>\n<meta property=\"og:type\" content=\"article\" \/>\n<meta property=\"og:title\" content=\"Human Design Corso Livello 1 - Marite Salatiello\" \/>\n<meta property=\"og:description\" content=\"HUMAN DESIGN CORSO LIVELLO 1 Un Corso Online, 6 settimane, per masterizzare la tua conoscenza dello Human Design, sia che tu sia un principiante, sia che tu abbia gi\u00e0 delle fondamenta di HD. Con Marit\u00e8 Salatiello ISCRIVITI ADESSO Questo corso \u00e8 per te se: \u2026sei pronto a conoscere lo Human Design \u2026sei pronto ad approfondire lo Human Design e avere delle fondamenta solide delle basi. \u2026 se hai domande che vuoi chiedere e ricevere risposte dirette \u2026hai voglia di imparare a leggere una chart di human design \u2026 se hai voglia di applicare lo Human Design alla tua vita quotidiana \u2026 vedere come applicare lo Human Design nel coaching Prezzo \u20ac499 Solo fino a Gioved\u00ec 5 Febbraio 2026 50% sconto \u20ac250 ISCRIVITI ADESSO\" \/>\n<meta property=\"og:url\" content=\"https:\/\/maritesalatiello.com\/it\/prodotto\/human-design-corso-livello-1\/\" \/>\n<meta property=\"og:site_name\" content=\"Marite Salatiello\" \/>\n<meta property=\"article:modified_time\" content=\"2026-03-06T01:05:43+00:00\" \/>\n<meta property=\"og:image\" content=\"https:\/\/maritesalatiello.com\/it\/wp-content\/uploads\/2026\/02\/ISCRIZIONE-APERTE-PER-IL-CORSO-DI-HUMAN-DESIGN-LIVELLO-1-2.jpg\" \/>\n\t<meta property=\"og:image:width\" content=\"1080\" \/>\n\t<meta property=\"og:image:height\" content=\"1440\" \/>\n\t<meta property=\"og:image:type\" content=\"image\/jpeg\" \/>\n<meta name=\"twitter:card\" content=\"summary_large_image\" \/>\n<meta name=\"twitter:label1\" content=\"Tempo di lettura stimato\" \/>\n\t<meta name=\"twitter:data1\" content=\"1 minuto\" \/>\n<script type=\"application\/ld+json\" class=\"yoast-schema-graph\">{\"@context\":\"https:\/\/schema.org\",\"@graph\":[{\"@type\":\"WebPage\",\"@id\":\"https:\/\/maritesalatiello.com\/it\/prodotto\/human-design-corso-livello-1\/\",\"url\":\"https:\/\/maritesalatiello.com\/it\/prodotto\/human-design-corso-livello-1\/\",\"name\":\"Human Design Corso Livello 1 - Marite Salatiello\",\"isPartOf\":{\"@id\":\"https:\/\/maritesalatiello.com\/it\/#website\"},\"primaryImageOfPage\":{\"@id\":\"https:\/\/maritesalatiello.com\/it\/prodotto\/human-design-corso-livello-1\/#primaryimage\"},\"image\":{\"@id\":\"https:\/\/maritesalatiello.com\/it\/prodotto\/human-design-corso-livello-1\/#primaryimage\"},\"thumbnailUrl\":\"https:\/\/maritesalatiello.com\/it\/wp-content\/uploads\/2026\/02\/ISCRIZIONE-APERTE-PER-IL-CORSO-DI-HUMAN-DESIGN-LIVELLO-1-2.jpg\",\"datePublished\":\"2026-02-27T10:46:33+00:00\",\"dateModified\":\"2026-03-06T01:05:43+00:00\",\"breadcrumb\":{\"@id\":\"https:\/\/maritesalatiello.com\/it\/prodotto\/human-design-corso-livello-1\/#breadcrumb\"},\"inLanguage\":\"it-IT\",\"potentialAction\":[{\"@type\":\"ReadAction\",\"target\":[\"https:\/\/maritesalatiello.com\/it\/prodotto\/human-design-corso-livello-1\/\"]}]},{\"@type\":\"ImageObject\",\"inLanguage\":\"it-IT\",\"@id\":\"https:\/\/maritesalatiello.com\/it\/prodotto\/human-design-corso-livello-1\/#primaryimage\",\"url\":\"https:\/\/maritesalatiello.com\/it\/wp-content\/uploads\/2026\/02\/ISCRIZIONE-APERTE-PER-IL-CORSO-DI-HUMAN-DESIGN-LIVELLO-1-2.jpg\",\"contentUrl\":\"https:\/\/maritesalatiello.com\/it\/wp-content\/uploads\/2026\/02\/ISCRIZIONE-APERTE-PER-IL-CORSO-DI-HUMAN-DESIGN-LIVELLO-1-2.jpg\",\"width\":1080,\"height\":1440},{\"@type\":\"BreadcrumbList\",\"@id\":\"https:\/\/maritesalatiello.com\/it\/prodotto\/human-design-corso-livello-1\/#breadcrumb\",\"itemListElement\":[{\"@type\":\"ListItem\",\"position\":1,\"name\":\"Home\",\"item\":\"https:\/\/maritesalatiello.com\/it\/\"},{\"@type\":\"ListItem\",\"position\":2,\"name\":\"Offers\",\"item\":\"https:\/\/maritesalatiello.com\/it\/corsi\/\"},{\"@type\":\"ListItem\",\"position\":3,\"name\":\"Human Design Corso Livello 1\"}]},{\"@type\":\"WebSite\",\"@id\":\"https:\/\/maritesalatiello.com\/it\/#website\",\"url\":\"https:\/\/maritesalatiello.com\/it\/\",\"name\":\"Marite Salatiello\",\"description\":\"Actress\",\"publisher\":{\"@id\":\"https:\/\/maritesalatiello.com\/it\/#organization\"},\"potentialAction\":[{\"@type\":\"SearchAction\",\"target\":{\"@type\":\"EntryPoint\",\"urlTemplate\":\"https:\/\/maritesalatiello.com\/it\/?s={search_term_string}\"},\"query-input\":{\"@type\":\"PropertyValueSpecification\",\"valueRequired\":true,\"valueName\":\"search_term_string\"}}],\"inLanguage\":\"it-IT\"},{\"@type\":\"Organization\",\"@id\":\"https:\/\/maritesalatiello.com\/it\/#organization\",\"name\":\"Marite Salatiello\",\"url\":\"https:\/\/maritesalatiello.com\/it\/\",\"logo\":{\"@type\":\"ImageObject\",\"inLanguage\":\"it-IT\",\"@id\":\"https:\/\/maritesalatiello.com\/it\/#\/schema\/logo\/image\/\",\"url\":\"https:\/\/maritesalatiello.com\/it\/wp-content\/uploads\/2022\/01\/LOGO-MARITE-PICCOLO.jpg\",\"contentUrl\":\"https:\/\/maritesalatiello.com\/it\/wp-content\/uploads\/2022\/01\/LOGO-MARITE-PICCOLO.jpg\",\"width\":542,\"height\":584,\"caption\":\"Marite Salatiello\"},\"image\":{\"@id\":\"https:\/\/maritesalatiello.com\/it\/#\/schema\/logo\/image\/\"}}]}<\/script>\n<!-- \/ Yoast SEO plugin. -->","yoast_head_json":{"title":"Human Design Corso Livello 1 - Marite Salatiello","robots":{"index":"index","follow":"follow","max-snippet":"max-snippet:-1","max-image-preview":"max-image-preview:large","max-video-preview":"max-video-preview:-1"},"canonical":"https:\/\/maritesalatiello.com\/it\/prodotto\/human-design-corso-livello-1\/","og_locale":"it_IT","og_type":"article","og_title":"Human Design Corso Livello 1 - Marite Salatiello","og_description":"HUMAN DESIGN CORSO LIVELLO 1 Un Corso Online, 6 settimane, per masterizzare la tua conoscenza dello Human Design, sia che tu sia un principiante, sia che tu abbia gi\u00e0 delle fondamenta di HD. Con Marit\u00e8 Salatiello ISCRIVITI ADESSO Questo corso \u00e8 per te se: \u2026sei pronto a conoscere lo Human Design \u2026sei pronto ad approfondire lo Human Design e avere delle fondamenta solide delle basi. \u2026 se hai domande che vuoi chiedere e ricevere risposte dirette \u2026hai voglia di imparare a leggere una chart di human design \u2026 se hai voglia di applicare lo Human Design alla tua vita quotidiana \u2026 vedere come applicare lo Human Design nel coaching Prezzo \u20ac499 Solo fino a Gioved\u00ec 5 Febbraio 2026 50% sconto \u20ac250 ISCRIVITI ADESSO","og_url":"https:\/\/maritesalatiello.com\/it\/prodotto\/human-design-corso-livello-1\/","og_site_name":"Marite Salatiello","article_modified_time":"2026-03-06T01:05:43+00:00","og_image":[{"width":1080,"height":1440,"url":"https:\/\/maritesalatiello.com\/it\/wp-content\/uploads\/2026\/02\/ISCRIZIONE-APERTE-PER-IL-CORSO-DI-HUMAN-DESIGN-LIVELLO-1-2.jpg","type":"image\/jpeg"}],"twitter_card":"summary_large_image","twitter_misc":{"Tempo di lettura stimato":"1 minuto"},"schema":{"@context":"https:\/\/schema.org","@graph":[{"@type":"WebPage","@id":"https:\/\/maritesalatiello.com\/it\/prodotto\/human-design-corso-livello-1\/","url":"https:\/\/maritesalatiello.com\/it\/prodotto\/human-design-corso-livello-1\/","name":"Human Design Corso Livello 1 - Marite Salatiello","isPartOf":{"@id":"https:\/\/maritesalatiello.com\/it\/#website"},"primaryImageOfPage":{"@id":"https:\/\/maritesalatiello.com\/it\/prodotto\/human-design-corso-livello-1\/#primaryimage"},"image":{"@id":"https:\/\/maritesalatiello.com\/it\/prodotto\/human-design-corso-livello-1\/#primaryimage"},"thumbnailUrl":"https:\/\/maritesalatiello.com\/it\/wp-content\/uploads\/2026\/02\/ISCRIZIONE-APERTE-PER-IL-CORSO-DI-HUMAN-DESIGN-LIVELLO-1-2.jpg","datePublished":"2026-02-27T10:46:33+00:00","dateModified":"2026-03-06T01:05:43+00:00","breadcrumb":{"@id":"https:\/\/maritesalatiello.com\/it\/prodotto\/human-design-corso-livello-1\/#breadcrumb"},"inLanguage":"it-IT","potentialAction":[{"@type":"ReadAction","target":["https:\/\/maritesalatiello.com\/it\/prodotto\/human-design-corso-livello-1\/"]}]},{"@type":"ImageObject","inLanguage":"it-IT","@id":"https:\/\/maritesalatiello.com\/it\/prodotto\/human-design-corso-livello-1\/#primaryimage","url":"https:\/\/maritesalatiello.com\/it\/wp-content\/uploads\/2026\/02\/ISCRIZIONE-APERTE-PER-IL-CORSO-DI-HUMAN-DESIGN-LIVELLO-1-2.jpg","contentUrl":"https:\/\/maritesalatiello.com\/it\/wp-content\/uploads\/2026\/02\/ISCRIZIONE-APERTE-PER-IL-CORSO-DI-HUMAN-DESIGN-LIVELLO-1-2.jpg","width":1080,"height":1440},{"@type":"BreadcrumbList","@id":"https:\/\/maritesalatiello.com\/it\/prodotto\/human-design-corso-livello-1\/#breadcrumb","itemListElement":[{"@type":"ListItem","position":1,"name":"Home","item":"https:\/\/maritesalatiello.com\/it\/"},{"@type":"ListItem","position":2,"name":"Offers","item":"https:\/\/maritesalatiello.com\/it\/corsi\/"},{"@type":"ListItem","position":3,"name":"Human Design Corso Livello 1"}]},{"@type":"WebSite","@id":"https:\/\/maritesalatiello.com\/it\/#website","url":"https:\/\/maritesalatiello.com\/it\/","name":"Marite Salatiello","description":"Actress","publisher":{"@id":"https:\/\/maritesalatiello.com\/it\/#organization"},"potentialAction":[{"@type":"SearchAction","target":{"@type":"EntryPoint","urlTemplate":"https:\/\/maritesalatiello.com\/it\/?s={search_term_string}"},"query-input":{"@type":"PropertyValueSpecification","valueRequired":true,"valueName":"search_term_string"}}],"inLanguage":"it-IT"},{"@type":"Organization","@id":"https:\/\/maritesalatiello.com\/it\/#organization","name":"Marite Salatiello","url":"https:\/\/maritesalatiello.com\/it\/","logo":{"@type":"ImageObject","inLanguage":"it-IT","@id":"https:\/\/maritesalatiello.com\/it\/#\/schema\/logo\/image\/","url":"https:\/\/maritesalatiello.com\/it\/wp-content\/uploads\/2022\/01\/LOGO-MARITE-PICCOLO.jpg","contentUrl":"https:\/\/maritesalatiello.com\/it\/wp-content\/uploads\/2022\/01\/LOGO-MARITE-PICCOLO.jpg","width":542,"height":584,"caption":"Marite Salatiello"},"image":{"@id":"https:\/\/maritesalatiello.com\/it\/#\/schema\/logo\/image\/"}}]}},"jetpack_sharing_enabled":true,"_links":{"self":[{"href":"https:\/\/maritesalatiello.com\/it\/wp-json\/wp\/v2\/product\/7039","targetHints":{"allow":["GET"]}}],"collection":[{"href":"https:\/\/maritesalatiello.com\/it\/wp-json\/wp\/v2\/product"}],"about":[{"href":"https:\/\/maritesalatiello.com\/it\/wp-json\/wp\/v2\/types\/product"}],"wp:featuredmedia":[{"embeddable":true,"href":"https:\/\/maritesalatiello.com\/it\/wp-json\/wp\/v2\/media\/7040"}],"wp:attachment":[{"href":"https:\/\/maritesalatiello.com\/it\/wp-json\/wp\/v2\/media?parent=7039"}],"wp:term":[{"taxonomy":"product_brand","embeddable":true,"href":"https:\/\/maritesalatiello.com\/it\/wp-json\/wp\/v2\/product_brand?post=7039"},{"taxonomy":"product_cat","embeddable":true,"href":"https:\/\/maritesalatiello.com\/it\/wp-json\/wp\/v2\/product_cat?post=7039"},{"taxonomy":"product_tag","embeddable":true,"href":"https:\/\/maritesalatiello.com\/it\/wp-json\/wp\/v2\/product_tag?post=7039"}],"curies":[{"name":"wp","href":"https:\/\/api.w.org\/{rel}","templated":true}]}}