{"id":6999,"date":"2026-01-09T14:46:15","date_gmt":"2026-01-09T14:46:15","guid":{"rendered":"https:\/\/maritesalatiello.com\/it\/?post_type=product&#038;p=6999"},"modified":"2026-01-09T14:46:48","modified_gmt":"2026-01-09T14:46:48","slug":"inner-circle-2","status":"publish","type":"product","link":"https:\/\/maritesalatiello.com\/it\/prodotto\/inner-circle-2\/","title":{"rendered":"INNER CIRCLE"},"content":{"rendered":"<p><strong>L\u2019inner circle \u00e8 un club di lavoro esclusivo.<\/strong><\/p>\n<p><strong>La durata della partecipazione \u00e8 di un anno.<\/strong><\/p>\n<p><strong>Nel nostro caso un modo per proseguire il lavoro a termine del programma BY e continuare a lavorare insieme. <\/strong><\/p>\n<p><strong>Cos\u2019\u00e8 incluso nell\u2019inner circle?<\/strong><\/p>\n<ul>\n<li><strong>BY Membership per un anno<\/strong><\/li>\n<li><strong>BY group program per un anno<\/strong><\/li>\n<li><strong>BY Inner Circle per un anno<\/strong><\/li>\n<li><strong>20% off sulle sessione 1:1 con me<\/strong><\/li>\n<\/ul>\n<p><strong>Inner circle \u00e8 un appuntamento settimanale di 1 ora e 15 minuti con i membri del circle di lavoro di coaching somatico, mentale ed energetico con l\u2019obiettivo di proseguire il proprio processo Becoming Yourself.<\/strong><\/p>\n<p><strong>\u00c8 cerchio chiuso, esclusivo e solo chi \u00e8 un cliente di vecchia data pu\u00f2 farne parte. <\/strong><\/p>\n<p><strong>Prezzo annuale \u20ac5000<\/strong><\/p>\n<p><strong>Da pagare intero<\/strong><\/p>\n<p><strong>O in 12 rate da \u20ac420 ciascuna.<\/strong><\/p>\n<p><strong>Se decidi di iscriverti entro la fine di Gennaio il prezzo dell\u2019Inner circle sar\u00e0 \u20ac4000<\/strong><\/p>\n<p><strong>Da pagare per intero o divise comodamente in 12 rate da \u20ac333 al mese.<\/strong><\/p>\n","protected":false},"excerpt":{"rendered":"<p><strong>L\u2019inner circle \u00e8 un club di lavoro esclusivo.<\/strong><\/p>\n<p><strong>La durata della partecipazione \u00e8 di un anno.<\/strong><\/p>\n<p><strong>Nel nostro caso un modo per proseguire il lavoro a termine del programma BY e continuare a lavorare insieme. <\/strong><\/p>\n<p><strong>Cos\u2019\u00e8 incluso nell\u2019inner circle?<\/strong><\/p>\n<ul>\n<li><strong>BY Membership per un anno<\/strong><\/li>\n<li><strong>BY group program per un anno<\/strong><\/li>\n<li><strong>BY Inner Circle per un anno<\/strong><\/li>\n<li><strong>20% off sulle sessione 1:1 con me<\/strong><\/li>\n<\/ul>\n<p><strong>Inner circle \u00e8 un appuntamento settimanale di 1 ora e 15 minuti con i membri del circle di lavoro di coaching somatico, mentale ed energetico con l\u2019obiettivo di proseguire il proprio processo Becoming Yourself.<\/strong><\/p>\n<p><strong>\u00c8 cerchio chiuso, esclusivo e solo chi \u00e8 un cliente di vecchia data pu\u00f2 farne parte. <\/strong><\/p>\n<p><strong>Prezzo annuale \u20ac5000<\/strong><\/p>\n<p><strong>Da pagare intero<\/strong><\/p>\n<p><strong>O in 12 rate da \u20ac420 ciascuna.<\/strong><\/p>\n<p><strong>Se decidi di iscriverti entro la fine di Gennaio il prezzo dell\u2019Inner circle sar\u00e0 \u20ac4000<\/strong><\/p>\n<p><strong>Da pagare per intero o divise comodamente in 12 rate da \u20ac333 al mese.<\/strong><\/p>\n","protected":false},"featured_media":6998,"template":"","meta":{"_et_pb_use_builder":"","_et_pb_old_content":"","_et_gb_content_width":""},"product_brand":[],"product_cat":[80,82],"product_tag":[],"class_list":{"0":"post-6999","1":"product","2":"type-product","3":"status-publish","4":"has-post-thumbnail","6":"product_cat-corsi","7":"product_cat-courses","9":"first","10":"instock","11":"sale","12":"shipping-taxable","13":"purchasable","14":"product-type-simple"},"yoast_head":"<!-- This site is optimized with the Yoast SEO plugin v27.1.1 - https:\/\/yoast.com\/product\/yoast-seo-wordpress\/ -->\n<title>INNER CIRCLE - Marite Salatiello<\/title>\n<meta name=\"robots\" content=\"index, follow, max-snippet:-1, max-image-preview:large, max-video-preview:-1\" \/>\n<link rel=\"canonical\" href=\"https:\/\/maritesalatiello.com\/it\/prodotto\/inner-circle-2\/\" \/>\n<meta property=\"og:locale\" content=\"it_IT\" \/>\n<meta property=\"og:type\" content=\"article\" \/>\n<meta property=\"og:title\" content=\"INNER CIRCLE - Marite Salatiello\" \/>\n<meta property=\"og:description\" content=\"L\u2019inner circle \u00e8 un club di lavoro esclusivo.  La durata della partecipazione \u00e8 di un anno.  Nel nostro caso un modo per proseguire il lavoro a termine del programma BY e continuare a lavorare insieme.   Cos\u2019\u00e8 incluso nell\u2019inner circle?   BY Membership per un anno  BY group program per un anno  BY Inner Circle per un anno  20% off sulle sessione 1:1 con me  Inner circle \u00e8 un appuntamento settimanale di 1 ora e 15 minuti con i membri del circle di lavoro di coaching somatico, mentale ed energetico con l\u2019obiettivo di proseguire il proprio processo Becoming Yourself.  \u00c8 cerchio chiuso, esclusivo e solo chi \u00e8 un cliente di vecchia data pu\u00f2 farne parte.   Prezzo annuale \u20ac5000  Da pagare intero  O in 12 rate da \u20ac420 ciascuna.  Se decidi di iscriverti entro la fine di Gennaio il prezzo dell\u2019Inner circle sar\u00e0 \u20ac4000  Da pagare per intero o divise comodamente in 12 rate da \u20ac333 al mese.\" \/>\n<meta property=\"og:url\" content=\"https:\/\/maritesalatiello.com\/it\/prodotto\/inner-circle-2\/\" \/>\n<meta property=\"og:site_name\" content=\"Marite Salatiello\" \/>\n<meta property=\"article:modified_time\" content=\"2026-01-09T14:46:48+00:00\" \/>\n<meta property=\"og:image\" content=\"https:\/\/maritesalatiello.com\/it\/wp-content\/uploads\/2026\/01\/Copia-di-BY-Membership.jpg\" \/>\n\t<meta property=\"og:image:width\" content=\"1080\" \/>\n\t<meta property=\"og:image:height\" content=\"1080\" \/>\n\t<meta property=\"og:image:type\" content=\"image\/jpeg\" \/>\n<meta name=\"twitter:card\" content=\"summary_large_image\" \/>\n<meta name=\"twitter:label1\" content=\"Tempo di lettura stimato\" \/>\n\t<meta name=\"twitter:data1\" content=\"1 minuto\" \/>\n<script type=\"application\/ld+json\" class=\"yoast-schema-graph\">{\"@context\":\"https:\/\/schema.org\",\"@graph\":[{\"@type\":\"WebPage\",\"@id\":\"https:\/\/maritesalatiello.com\/it\/prodotto\/inner-circle-2\/\",\"url\":\"https:\/\/maritesalatiello.com\/it\/prodotto\/inner-circle-2\/\",\"name\":\"INNER CIRCLE - Marite Salatiello\",\"isPartOf\":{\"@id\":\"https:\/\/maritesalatiello.com\/it\/#website\"},\"primaryImageOfPage\":{\"@id\":\"https:\/\/maritesalatiello.com\/it\/prodotto\/inner-circle-2\/#primaryimage\"},\"image\":{\"@id\":\"https:\/\/maritesalatiello.com\/it\/prodotto\/inner-circle-2\/#primaryimage\"},\"thumbnailUrl\":\"https:\/\/maritesalatiello.com\/it\/wp-content\/uploads\/2026\/01\/Copia-di-BY-Membership.jpg\",\"datePublished\":\"2026-01-09T14:46:15+00:00\",\"dateModified\":\"2026-01-09T14:46:48+00:00\",\"breadcrumb\":{\"@id\":\"https:\/\/maritesalatiello.com\/it\/prodotto\/inner-circle-2\/#breadcrumb\"},\"inLanguage\":\"it-IT\",\"potentialAction\":[{\"@type\":\"ReadAction\",\"target\":[\"https:\/\/maritesalatiello.com\/it\/prodotto\/inner-circle-2\/\"]}]},{\"@type\":\"ImageObject\",\"inLanguage\":\"it-IT\",\"@id\":\"https:\/\/maritesalatiello.com\/it\/prodotto\/inner-circle-2\/#primaryimage\",\"url\":\"https:\/\/maritesalatiello.com\/it\/wp-content\/uploads\/2026\/01\/Copia-di-BY-Membership.jpg\",\"contentUrl\":\"https:\/\/maritesalatiello.com\/it\/wp-content\/uploads\/2026\/01\/Copia-di-BY-Membership.jpg\",\"width\":1080,\"height\":1080},{\"@type\":\"BreadcrumbList\",\"@id\":\"https:\/\/maritesalatiello.com\/it\/prodotto\/inner-circle-2\/#breadcrumb\",\"itemListElement\":[{\"@type\":\"ListItem\",\"position\":1,\"name\":\"Home\",\"item\":\"https:\/\/maritesalatiello.com\/it\/\"},{\"@type\":\"ListItem\",\"position\":2,\"name\":\"Offers\",\"item\":\"https:\/\/maritesalatiello.com\/it\/corsi\/\"},{\"@type\":\"ListItem\",\"position\":3,\"name\":\"INNER CIRCLE\"}]},{\"@type\":\"WebSite\",\"@id\":\"https:\/\/maritesalatiello.com\/it\/#website\",\"url\":\"https:\/\/maritesalatiello.com\/it\/\",\"name\":\"Marite Salatiello\",\"description\":\"Actress\",\"publisher\":{\"@id\":\"https:\/\/maritesalatiello.com\/it\/#organization\"},\"potentialAction\":[{\"@type\":\"SearchAction\",\"target\":{\"@type\":\"EntryPoint\",\"urlTemplate\":\"https:\/\/maritesalatiello.com\/it\/?s={search_term_string}\"},\"query-input\":{\"@type\":\"PropertyValueSpecification\",\"valueRequired\":true,\"valueName\":\"search_term_string\"}}],\"inLanguage\":\"it-IT\"},{\"@type\":\"Organization\",\"@id\":\"https:\/\/maritesalatiello.com\/it\/#organization\",\"name\":\"Marite Salatiello\",\"url\":\"https:\/\/maritesalatiello.com\/it\/\",\"logo\":{\"@type\":\"ImageObject\",\"inLanguage\":\"it-IT\",\"@id\":\"https:\/\/maritesalatiello.com\/it\/#\/schema\/logo\/image\/\",\"url\":\"https:\/\/maritesalatiello.com\/it\/wp-content\/uploads\/2022\/01\/LOGO-MARITE-PICCOLO.jpg\",\"contentUrl\":\"https:\/\/maritesalatiello.com\/it\/wp-content\/uploads\/2022\/01\/LOGO-MARITE-PICCOLO.jpg\",\"width\":542,\"height\":584,\"caption\":\"Marite Salatiello\"},\"image\":{\"@id\":\"https:\/\/maritesalatiello.com\/it\/#\/schema\/logo\/image\/\"}}]}<\/script>\n<!-- \/ Yoast SEO plugin. -->","yoast_head_json":{"title":"INNER CIRCLE - Marite Salatiello","robots":{"index":"index","follow":"follow","max-snippet":"max-snippet:-1","max-image-preview":"max-image-preview:large","max-video-preview":"max-video-preview:-1"},"canonical":"https:\/\/maritesalatiello.com\/it\/prodotto\/inner-circle-2\/","og_locale":"it_IT","og_type":"article","og_title":"INNER CIRCLE - Marite Salatiello","og_description":"L\u2019inner circle \u00e8 un club di lavoro esclusivo.  La durata della partecipazione \u00e8 di un anno.  Nel nostro caso un modo per proseguire il lavoro a termine del programma BY e continuare a lavorare insieme.   Cos\u2019\u00e8 incluso nell\u2019inner circle?   BY Membership per un anno  BY group program per un anno  BY Inner Circle per un anno  20% off sulle sessione 1:1 con me  Inner circle \u00e8 un appuntamento settimanale di 1 ora e 15 minuti con i membri del circle di lavoro di coaching somatico, mentale ed energetico con l\u2019obiettivo di proseguire il proprio processo Becoming Yourself.  \u00c8 cerchio chiuso, esclusivo e solo chi \u00e8 un cliente di vecchia data pu\u00f2 farne parte.   Prezzo annuale \u20ac5000  Da pagare intero  O in 12 rate da \u20ac420 ciascuna.  Se decidi di iscriverti entro la fine di Gennaio il prezzo dell\u2019Inner circle sar\u00e0 \u20ac4000  Da pagare per intero o divise comodamente in 12 rate da \u20ac333 al mese.","og_url":"https:\/\/maritesalatiello.com\/it\/prodotto\/inner-circle-2\/","og_site_name":"Marite Salatiello","article_modified_time":"2026-01-09T14:46:48+00:00","og_image":[{"width":1080,"height":1080,"url":"https:\/\/maritesalatiello.com\/it\/wp-content\/uploads\/2026\/01\/Copia-di-BY-Membership.jpg","type":"image\/jpeg"}],"twitter_card":"summary_large_image","twitter_misc":{"Tempo di lettura stimato":"1 minuto"},"schema":{"@context":"https:\/\/schema.org","@graph":[{"@type":"WebPage","@id":"https:\/\/maritesalatiello.com\/it\/prodotto\/inner-circle-2\/","url":"https:\/\/maritesalatiello.com\/it\/prodotto\/inner-circle-2\/","name":"INNER CIRCLE - Marite Salatiello","isPartOf":{"@id":"https:\/\/maritesalatiello.com\/it\/#website"},"primaryImageOfPage":{"@id":"https:\/\/maritesalatiello.com\/it\/prodotto\/inner-circle-2\/#primaryimage"},"image":{"@id":"https:\/\/maritesalatiello.com\/it\/prodotto\/inner-circle-2\/#primaryimage"},"thumbnailUrl":"https:\/\/maritesalatiello.com\/it\/wp-content\/uploads\/2026\/01\/Copia-di-BY-Membership.jpg","datePublished":"2026-01-09T14:46:15+00:00","dateModified":"2026-01-09T14:46:48+00:00","breadcrumb":{"@id":"https:\/\/maritesalatiello.com\/it\/prodotto\/inner-circle-2\/#breadcrumb"},"inLanguage":"it-IT","potentialAction":[{"@type":"ReadAction","target":["https:\/\/maritesalatiello.com\/it\/prodotto\/inner-circle-2\/"]}]},{"@type":"ImageObject","inLanguage":"it-IT","@id":"https:\/\/maritesalatiello.com\/it\/prodotto\/inner-circle-2\/#primaryimage","url":"https:\/\/maritesalatiello.com\/it\/wp-content\/uploads\/2026\/01\/Copia-di-BY-Membership.jpg","contentUrl":"https:\/\/maritesalatiello.com\/it\/wp-content\/uploads\/2026\/01\/Copia-di-BY-Membership.jpg","width":1080,"height":1080},{"@type":"BreadcrumbList","@id":"https:\/\/maritesalatiello.com\/it\/prodotto\/inner-circle-2\/#breadcrumb","itemListElement":[{"@type":"ListItem","position":1,"name":"Home","item":"https:\/\/maritesalatiello.com\/it\/"},{"@type":"ListItem","position":2,"name":"Offers","item":"https:\/\/maritesalatiello.com\/it\/corsi\/"},{"@type":"ListItem","position":3,"name":"INNER CIRCLE"}]},{"@type":"WebSite","@id":"https:\/\/maritesalatiello.com\/it\/#website","url":"https:\/\/maritesalatiello.com\/it\/","name":"Marite Salatiello","description":"Actress","publisher":{"@id":"https:\/\/maritesalatiello.com\/it\/#organization"},"potentialAction":[{"@type":"SearchAction","target":{"@type":"EntryPoint","urlTemplate":"https:\/\/maritesalatiello.com\/it\/?s={search_term_string}"},"query-input":{"@type":"PropertyValueSpecification","valueRequired":true,"valueName":"search_term_string"}}],"inLanguage":"it-IT"},{"@type":"Organization","@id":"https:\/\/maritesalatiello.com\/it\/#organization","name":"Marite Salatiello","url":"https:\/\/maritesalatiello.com\/it\/","logo":{"@type":"ImageObject","inLanguage":"it-IT","@id":"https:\/\/maritesalatiello.com\/it\/#\/schema\/logo\/image\/","url":"https:\/\/maritesalatiello.com\/it\/wp-content\/uploads\/2022\/01\/LOGO-MARITE-PICCOLO.jpg","contentUrl":"https:\/\/maritesalatiello.com\/it\/wp-content\/uploads\/2022\/01\/LOGO-MARITE-PICCOLO.jpg","width":542,"height":584,"caption":"Marite Salatiello"},"image":{"@id":"https:\/\/maritesalatiello.com\/it\/#\/schema\/logo\/image\/"}}]}},"jetpack_sharing_enabled":true,"_links":{"self":[{"href":"https:\/\/maritesalatiello.com\/it\/wp-json\/wp\/v2\/product\/6999","targetHints":{"allow":["GET"]}}],"collection":[{"href":"https:\/\/maritesalatiello.com\/it\/wp-json\/wp\/v2\/product"}],"about":[{"href":"https:\/\/maritesalatiello.com\/it\/wp-json\/wp\/v2\/types\/product"}],"wp:featuredmedia":[{"embeddable":true,"href":"https:\/\/maritesalatiello.com\/it\/wp-json\/wp\/v2\/media\/6998"}],"wp:attachment":[{"href":"https:\/\/maritesalatiello.com\/it\/wp-json\/wp\/v2\/media?parent=6999"}],"wp:term":[{"taxonomy":"product_brand","embeddable":true,"href":"https:\/\/maritesalatiello.com\/it\/wp-json\/wp\/v2\/product_brand?post=6999"},{"taxonomy":"product_cat","embeddable":true,"href":"https:\/\/maritesalatiello.com\/it\/wp-json\/wp\/v2\/product_cat?post=6999"},{"taxonomy":"product_tag","embeddable":true,"href":"https:\/\/maritesalatiello.com\/it\/wp-json\/wp\/v2\/product_tag?post=6999"}],"curies":[{"name":"wp","href":"https:\/\/api.w.org\/{rel}","templated":true}]}}