{"id":6986,"date":"2025-12-25T09:27:35","date_gmt":"2025-12-25T09:27:35","guid":{"rendered":"https:\/\/maritesalatiello.com\/it\/?post_type=product&#038;p=6986"},"modified":"2026-02-06T08:31:11","modified_gmt":"2026-02-06T08:31:11","slug":"becoming-yourself-the-experience-workshop-dal-vivo","status":"publish","type":"product","link":"https:\/\/maritesalatiello.com\/it\/prodotto\/becoming-yourself-the-experience-workshop-dal-vivo\/","title":{"rendered":"Becoming Yourself The Experience  &#8211; workshop dal vivo"},"content":{"rendered":"<p>[et_pb_section fb_built=&#8221;1&#8243; _builder_version=&#8221;4.16&#8243; custom_padding=&#8221;0px||||false|false&#8221; global_colors_info=&#8221;{}&#8221;][et_pb_row _builder_version=&#8221;4.16&#8243; background_size=&#8221;initial&#8221; background_position=&#8221;top_left&#8221; background_repeat=&#8221;repeat&#8221; width=&#8221;100%&#8221; custom_padding=&#8221;0px||0px||false|false&#8221; global_colors_info=&#8221;{}&#8221;][et_pb_column type=&#8221;4_4&#8243; _builder_version=&#8221;4.16&#8243; custom_padding=&#8221;|||&#8221; global_colors_info=&#8221;{}&#8221; custom_padding__hover=&#8221;|||&#8221;][et_pb_wc_breadcrumb _builder_version=&#8221;4.16&#8243; global_colors_info=&#8221;{}&#8221;][\/et_pb_wc_breadcrumb][et_pb_wc_cart_notice _builder_version=&#8221;4.16&#8243; global_colors_info=&#8221;{}&#8221;][\/et_pb_wc_cart_notice][\/et_pb_column][\/et_pb_row][et_pb_row column_structure=&#8221;1_2,1_2&#8243; _builder_version=&#8221;4.16&#8243; background_size=&#8221;initial&#8221; background_position=&#8221;top_left&#8221; background_repeat=&#8221;repeat&#8221; width=&#8221;100%&#8221; custom_padding=&#8221;0px||||false|false&#8221; global_colors_info=&#8221;{}&#8221;][et_pb_column type=&#8221;1_2&#8243; _builder_version=&#8221;4.16&#8243; custom_padding=&#8221;|||&#8221; global_colors_info=&#8221;{}&#8221; custom_padding__hover=&#8221;|||&#8221;][et_pb_wc_images _builder_version=&#8221;4.16&#8243; global_colors_info=&#8221;{}&#8221;][\/et_pb_wc_images][\/et_pb_column][et_pb_column type=&#8221;1_2&#8243; _builder_version=&#8221;4.16&#8243; custom_padding=&#8221;|||&#8221; global_colors_info=&#8221;{}&#8221; custom_padding__hover=&#8221;|||&#8221;][et_pb_wc_title _builder_version=&#8221;4.16&#8243; global_colors_info=&#8221;{}&#8221;][\/et_pb_wc_title][et_pb_wc_rating _builder_version=&#8221;4.16&#8243; global_colors_info=&#8221;{}&#8221;][\/et_pb_wc_rating][et_pb_wc_price _builder_version=&#8221;4.16&#8243; global_colors_info=&#8221;{}&#8221;][\/et_pb_wc_price][et_pb_wc_description _builder_version=&#8221;4.27.4&#8243; global_colors_info=&#8221;{}&#8221;][\/et_pb_wc_description][et_pb_wc_add_to_cart _builder_version=&#8221;4.16&#8243; global_colors_info=&#8221;{}&#8221;][\/et_pb_wc_add_to_cart][et_pb_wc_meta _builder_version=&#8221;4.16&#8243; global_colors_info=&#8221;{}&#8221;][\/et_pb_wc_meta][\/et_pb_column][\/et_pb_row][et_pb_row _builder_version=&#8221;4.16&#8243; background_size=&#8221;initial&#8221; background_position=&#8221;top_left&#8221; background_repeat=&#8221;repeat&#8221; width=&#8221;100%&#8221; global_colors_info=&#8221;{}&#8221;][et_pb_column type=&#8221;4_4&#8243; _builder_version=&#8221;4.16&#8243; custom_padding=&#8221;|||&#8221; global_colors_info=&#8221;{}&#8221; custom_padding__hover=&#8221;|||&#8221;][et_pb_wc_tabs _builder_version=&#8221;4.16&#8243; global_colors_info=&#8221;{}&#8221;]\t\t\t\t\t[\/et_pb_wc_tabs][et_pb_wc_upsells _builder_version=&#8221;4.16&#8243; global_colors_info=&#8221;{}&#8221;][\/et_pb_wc_upsells][et_pb_wc_related_products _builder_version=&#8221;4.16&#8243; global_colors_info=&#8221;{}&#8221;][\/et_pb_wc_related_products][\/et_pb_column][\/et_pb_row][\/et_pb_section]<\/p>\n","protected":false},"excerpt":{"rendered":"<h4><b>By The Experience &#8211; Roma 6,7,8 Febbraio 2026<span class=\"Apple-converted-space\">\u00a0<\/span><\/b><\/h4>\n<h4><b><span class=\"Apple-converted-space\">Presso Fivizzano 27, via Fivizzano 27 Pigneto Roma<\/span><\/b><\/h4>\n<h4><b>3 giorni per lavorare sul processo di Becoming Yourself:<\/b><\/h4>\n<h4>In questo primo appuntamento di BY The Experience lavoriamo su:<\/h4>\n<ul>\n<li>\n<h4>Goal settings (settare I goals su cui vuoi lavorare).<\/h4>\n<\/li>\n<li>\n<h4>The Unshaming Process (Il processo di &#8220;Svergognamento&#8221;).<\/h4>\n<\/li>\n<li>\n<h4>Il Rituale (presentazione e distruzione dei blocchi).<\/h4>\n<\/li>\n<\/ul>\n<h4>Goal settings: settare i goals su cui si vuole lavorare, cosa si vuole creare, e chi hai bisogno di diventare per essere un match con quei goals e desideri.<\/h4>\n<h4>Unshaming process: lavoro sul corpo (somatico) e sul mindset per individuare blocchi, resistenze e giudizi e lavorare sulla vergogna, scoprendo l\u2019intelligenza che si rivela sotto la vergogna.<\/h4>\n<h4>Il Rituale: presentazione creativa dei blocchi sul palco (ci\u00f2 che ti blocca dal diventare la persona del tuo goal), distruzione dei blocchi e celebrazione della persona che vuoi diventare.<\/h4>\n<h4>2 pomeriggi e una giornata intera.<\/h4>\n<h4>Contributo \u20ac200 rivolto solo ai soci e socie dell&#8217;Associazione Fivizzano Circolo Arci.<\/h4>\n<h4>A chi si rivolge: chiunque abbia voglia di un lavoro trasformativo e di crescita personale sulla propria identit\u00e0 per creare la prossima versione di s\u00e8 che \u00e8 un match con i propri goals.<\/h4>\n<h4>Processo Becoming Yourself<span class=\"Apple-converted-space\">\u00a0<\/span><\/h4>\n<h4>Numero massimo 10 persone<span class=\"Apple-converted-space\">\u00a0<\/span><\/h4>\n","protected":false},"featured_media":6994,"template":"","meta":{"_et_pb_use_builder":"on","_et_pb_old_content":"<h4><b>By The Experience - Roma 6,7,8 Febbraio 2026<span class=\"Apple-converted-space\">\u00a0<\/span><\/b><\/h4>\r\n<h4><b><span class=\"Apple-converted-space\">Presso Fivizzano 27, via Fivizzano 27 Roma<\/span><\/b><\/h4>\r\n<h4><b>3 giorni per lavorare sul processo di Becoming Yourself:<\/b><\/h4>\r\n<h4>In questo primo appuntamento di BY The Experience lavoriamo su:<\/h4>\r\n<ul>\r\n \t<li>\r\n<h4>Goal settings (settare I goals su cui vuoi lavorare).<\/h4>\r\n<\/li>\r\n \t<li>\r\n<h4>The Unshaming Process (Il processo di Svergnamento).<\/h4>\r\n<\/li>\r\n \t<li>\r\n<h4>Il Rituale (presentazione e distruzione dei blocchi).<\/h4>\r\n<\/li>\r\n<\/ul>\r\n<h4>Goal settings: settare i goals su cui si vuole lavorare, cosa si vuole creare, e chi hai bisogno di diventare per essere un match con quei goals e desideri.<\/h4>\r\n<h4>Unshaming process: lavoro sul corpo (somatico) e sul mindset per individuare blocchi, resistenze e giudizi e lavorare sulla vergogna, scoprendo l\u2019intelligenza che si rivela sotto la vergogna.<\/h4>\r\n<h4>Il Rituale: presentazione creativa dei blocchi sul palco (ci\u00f2 che ti blocca dal diventare la persona del tuo goal), distruzione dei blocchi e celebrazione della persona che vuoi diventare.<\/h4>\r\n<h4>2 pomeriggi e una giornata intera.<\/h4>\r\n<h4>Venerd\u00ec 6 Febbraio dalle 15.30 alle 19.00<\/h4>\r\n<h4>Contributo \u20ac200 rivolto solo ai soci e socie dell'Associazione Fivizzano Circolo Arci<\/h4>\r\n<h4>A chi si rivolge: chiunque abbia voglia di un lavoro trasformativo e di crescita personale sulla propria identit\u00e0 per creare la prossima versione di s\u00e8 che \u00e8 un match con i propri goals.<\/h4>\r\n<h4>Processo Becoming Yourself<span class=\"Apple-converted-space\">\u00a0<\/span><\/h4>\r\n<h4>Numero massimo 10 persone<span class=\"Apple-converted-space\">\u00a0<\/span><\/h4>","_et_gb_content_width":""},"product_brand":[],"product_cat":[80,82],"product_tag":[],"class_list":{"0":"post-6986","1":"product","2":"type-product","3":"status-publish","4":"has-post-thumbnail","6":"product_cat-corsi","7":"product_cat-courses","9":"first","10":"instock","11":"shipping-taxable","12":"purchasable","13":"product-type-simple"},"yoast_head":"<!-- This site is optimized with the Yoast SEO plugin v27.1.1 - https:\/\/yoast.com\/product\/yoast-seo-wordpress\/ -->\n<title>Becoming Yourself The Experience - workshop dal vivo - Marite Salatiello<\/title>\n<meta name=\"description\" content=\"becoming yourself coaching programma guarisci rivelati trasformazione cambiamento trasformazione soldi presente passato futuro\" \/>\n<meta name=\"robots\" content=\"index, follow, max-snippet:-1, max-image-preview:large, max-video-preview:-1\" \/>\n<link rel=\"canonical\" href=\"https:\/\/maritesalatiello.com\/it\/prodotto\/becoming-yourself-the-experience-workshop-dal-vivo\/\" \/>\n<meta property=\"og:locale\" content=\"it_IT\" \/>\n<meta property=\"og:type\" content=\"article\" \/>\n<meta property=\"og:title\" content=\"Becoming Yourself The Experience - workshop dal vivo - Marite Salatiello\" \/>\n<meta property=\"og:description\" content=\"becoming yourself coaching programma guarisci rivelati trasformazione cambiamento trasformazione soldi presente passato futuro\" \/>\n<meta property=\"og:url\" content=\"https:\/\/maritesalatiello.com\/it\/prodotto\/becoming-yourself-the-experience-workshop-dal-vivo\/\" \/>\n<meta property=\"og:site_name\" content=\"Marite Salatiello\" \/>\n<meta property=\"article:modified_time\" content=\"2026-02-06T08:31:11+00:00\" \/>\n<meta property=\"og:image\" content=\"https:\/\/maritesalatiello.com\/it\/wp-content\/uploads\/2025\/12\/The-Ritual-BY-The-Experience-2.jpg\" \/>\n\t<meta property=\"og:image:width\" content=\"1080\" \/>\n\t<meta property=\"og:image:height\" content=\"1080\" \/>\n\t<meta property=\"og:image:type\" content=\"image\/jpeg\" \/>\n<meta name=\"twitter:card\" content=\"summary_large_image\" \/>\n<meta name=\"twitter:label1\" content=\"Tempo di lettura stimato\" \/>\n\t<meta name=\"twitter:data1\" content=\"2 minuti\" \/>\n<script type=\"application\/ld+json\" class=\"yoast-schema-graph\">{\"@context\":\"https:\/\/schema.org\",\"@graph\":[{\"@type\":\"WebPage\",\"@id\":\"https:\/\/maritesalatiello.com\/it\/prodotto\/becoming-yourself-the-experience-workshop-dal-vivo\/\",\"url\":\"https:\/\/maritesalatiello.com\/it\/prodotto\/becoming-yourself-the-experience-workshop-dal-vivo\/\",\"name\":\"Becoming Yourself The Experience - workshop dal vivo - Marite Salatiello\",\"isPartOf\":{\"@id\":\"https:\/\/maritesalatiello.com\/it\/#website\"},\"primaryImageOfPage\":{\"@id\":\"https:\/\/maritesalatiello.com\/it\/prodotto\/becoming-yourself-the-experience-workshop-dal-vivo\/#primaryimage\"},\"image\":{\"@id\":\"https:\/\/maritesalatiello.com\/it\/prodotto\/becoming-yourself-the-experience-workshop-dal-vivo\/#primaryimage\"},\"thumbnailUrl\":\"https:\/\/maritesalatiello.com\/it\/wp-content\/uploads\/2025\/12\/The-Ritual-BY-The-Experience-2.jpg\",\"datePublished\":\"2025-12-25T09:27:35+00:00\",\"dateModified\":\"2026-02-06T08:31:11+00:00\",\"description\":\"becoming yourself coaching programma guarisci rivelati trasformazione cambiamento trasformazione soldi presente passato futuro\",\"breadcrumb\":{\"@id\":\"https:\/\/maritesalatiello.com\/it\/prodotto\/becoming-yourself-the-experience-workshop-dal-vivo\/#breadcrumb\"},\"inLanguage\":\"it-IT\",\"potentialAction\":[{\"@type\":\"ReadAction\",\"target\":[\"https:\/\/maritesalatiello.com\/it\/prodotto\/becoming-yourself-the-experience-workshop-dal-vivo\/\"]}]},{\"@type\":\"ImageObject\",\"inLanguage\":\"it-IT\",\"@id\":\"https:\/\/maritesalatiello.com\/it\/prodotto\/becoming-yourself-the-experience-workshop-dal-vivo\/#primaryimage\",\"url\":\"https:\/\/maritesalatiello.com\/it\/wp-content\/uploads\/2025\/12\/The-Ritual-BY-The-Experience-2.jpg\",\"contentUrl\":\"https:\/\/maritesalatiello.com\/it\/wp-content\/uploads\/2025\/12\/The-Ritual-BY-The-Experience-2.jpg\",\"width\":1080,\"height\":1080},{\"@type\":\"BreadcrumbList\",\"@id\":\"https:\/\/maritesalatiello.com\/it\/prodotto\/becoming-yourself-the-experience-workshop-dal-vivo\/#breadcrumb\",\"itemListElement\":[{\"@type\":\"ListItem\",\"position\":1,\"name\":\"Home\",\"item\":\"https:\/\/maritesalatiello.com\/it\/\"},{\"@type\":\"ListItem\",\"position\":2,\"name\":\"Offers\",\"item\":\"https:\/\/maritesalatiello.com\/it\/corsi\/\"},{\"@type\":\"ListItem\",\"position\":3,\"name\":\"Becoming Yourself The Experience &#8211; workshop dal vivo\"}]},{\"@type\":\"WebSite\",\"@id\":\"https:\/\/maritesalatiello.com\/it\/#website\",\"url\":\"https:\/\/maritesalatiello.com\/it\/\",\"name\":\"Marite Salatiello\",\"description\":\"Actress\",\"publisher\":{\"@id\":\"https:\/\/maritesalatiello.com\/it\/#organization\"},\"potentialAction\":[{\"@type\":\"SearchAction\",\"target\":{\"@type\":\"EntryPoint\",\"urlTemplate\":\"https:\/\/maritesalatiello.com\/it\/?s={search_term_string}\"},\"query-input\":{\"@type\":\"PropertyValueSpecification\",\"valueRequired\":true,\"valueName\":\"search_term_string\"}}],\"inLanguage\":\"it-IT\"},{\"@type\":\"Organization\",\"@id\":\"https:\/\/maritesalatiello.com\/it\/#organization\",\"name\":\"Marite Salatiello\",\"url\":\"https:\/\/maritesalatiello.com\/it\/\",\"logo\":{\"@type\":\"ImageObject\",\"inLanguage\":\"it-IT\",\"@id\":\"https:\/\/maritesalatiello.com\/it\/#\/schema\/logo\/image\/\",\"url\":\"https:\/\/maritesalatiello.com\/it\/wp-content\/uploads\/2022\/01\/LOGO-MARITE-PICCOLO.jpg\",\"contentUrl\":\"https:\/\/maritesalatiello.com\/it\/wp-content\/uploads\/2022\/01\/LOGO-MARITE-PICCOLO.jpg\",\"width\":542,\"height\":584,\"caption\":\"Marite Salatiello\"},\"image\":{\"@id\":\"https:\/\/maritesalatiello.com\/it\/#\/schema\/logo\/image\/\"}}]}<\/script>\n<!-- \/ Yoast SEO plugin. -->","yoast_head_json":{"title":"Becoming Yourself The Experience - workshop dal vivo - Marite Salatiello","description":"becoming yourself coaching programma guarisci rivelati trasformazione cambiamento trasformazione soldi presente passato futuro","robots":{"index":"index","follow":"follow","max-snippet":"max-snippet:-1","max-image-preview":"max-image-preview:large","max-video-preview":"max-video-preview:-1"},"canonical":"https:\/\/maritesalatiello.com\/it\/prodotto\/becoming-yourself-the-experience-workshop-dal-vivo\/","og_locale":"it_IT","og_type":"article","og_title":"Becoming Yourself The Experience - workshop dal vivo - Marite Salatiello","og_description":"becoming yourself coaching programma guarisci rivelati trasformazione cambiamento trasformazione soldi presente passato futuro","og_url":"https:\/\/maritesalatiello.com\/it\/prodotto\/becoming-yourself-the-experience-workshop-dal-vivo\/","og_site_name":"Marite Salatiello","article_modified_time":"2026-02-06T08:31:11+00:00","og_image":[{"width":1080,"height":1080,"url":"https:\/\/maritesalatiello.com\/it\/wp-content\/uploads\/2025\/12\/The-Ritual-BY-The-Experience-2.jpg","type":"image\/jpeg"}],"twitter_card":"summary_large_image","twitter_misc":{"Tempo di lettura stimato":"2 minuti"},"schema":{"@context":"https:\/\/schema.org","@graph":[{"@type":"WebPage","@id":"https:\/\/maritesalatiello.com\/it\/prodotto\/becoming-yourself-the-experience-workshop-dal-vivo\/","url":"https:\/\/maritesalatiello.com\/it\/prodotto\/becoming-yourself-the-experience-workshop-dal-vivo\/","name":"Becoming Yourself The Experience - workshop dal vivo - Marite Salatiello","isPartOf":{"@id":"https:\/\/maritesalatiello.com\/it\/#website"},"primaryImageOfPage":{"@id":"https:\/\/maritesalatiello.com\/it\/prodotto\/becoming-yourself-the-experience-workshop-dal-vivo\/#primaryimage"},"image":{"@id":"https:\/\/maritesalatiello.com\/it\/prodotto\/becoming-yourself-the-experience-workshop-dal-vivo\/#primaryimage"},"thumbnailUrl":"https:\/\/maritesalatiello.com\/it\/wp-content\/uploads\/2025\/12\/The-Ritual-BY-The-Experience-2.jpg","datePublished":"2025-12-25T09:27:35+00:00","dateModified":"2026-02-06T08:31:11+00:00","description":"becoming yourself coaching programma guarisci rivelati trasformazione cambiamento trasformazione soldi presente passato futuro","breadcrumb":{"@id":"https:\/\/maritesalatiello.com\/it\/prodotto\/becoming-yourself-the-experience-workshop-dal-vivo\/#breadcrumb"},"inLanguage":"it-IT","potentialAction":[{"@type":"ReadAction","target":["https:\/\/maritesalatiello.com\/it\/prodotto\/becoming-yourself-the-experience-workshop-dal-vivo\/"]}]},{"@type":"ImageObject","inLanguage":"it-IT","@id":"https:\/\/maritesalatiello.com\/it\/prodotto\/becoming-yourself-the-experience-workshop-dal-vivo\/#primaryimage","url":"https:\/\/maritesalatiello.com\/it\/wp-content\/uploads\/2025\/12\/The-Ritual-BY-The-Experience-2.jpg","contentUrl":"https:\/\/maritesalatiello.com\/it\/wp-content\/uploads\/2025\/12\/The-Ritual-BY-The-Experience-2.jpg","width":1080,"height":1080},{"@type":"BreadcrumbList","@id":"https:\/\/maritesalatiello.com\/it\/prodotto\/becoming-yourself-the-experience-workshop-dal-vivo\/#breadcrumb","itemListElement":[{"@type":"ListItem","position":1,"name":"Home","item":"https:\/\/maritesalatiello.com\/it\/"},{"@type":"ListItem","position":2,"name":"Offers","item":"https:\/\/maritesalatiello.com\/it\/corsi\/"},{"@type":"ListItem","position":3,"name":"Becoming Yourself The Experience &#8211; workshop dal vivo"}]},{"@type":"WebSite","@id":"https:\/\/maritesalatiello.com\/it\/#website","url":"https:\/\/maritesalatiello.com\/it\/","name":"Marite Salatiello","description":"Actress","publisher":{"@id":"https:\/\/maritesalatiello.com\/it\/#organization"},"potentialAction":[{"@type":"SearchAction","target":{"@type":"EntryPoint","urlTemplate":"https:\/\/maritesalatiello.com\/it\/?s={search_term_string}"},"query-input":{"@type":"PropertyValueSpecification","valueRequired":true,"valueName":"search_term_string"}}],"inLanguage":"it-IT"},{"@type":"Organization","@id":"https:\/\/maritesalatiello.com\/it\/#organization","name":"Marite Salatiello","url":"https:\/\/maritesalatiello.com\/it\/","logo":{"@type":"ImageObject","inLanguage":"it-IT","@id":"https:\/\/maritesalatiello.com\/it\/#\/schema\/logo\/image\/","url":"https:\/\/maritesalatiello.com\/it\/wp-content\/uploads\/2022\/01\/LOGO-MARITE-PICCOLO.jpg","contentUrl":"https:\/\/maritesalatiello.com\/it\/wp-content\/uploads\/2022\/01\/LOGO-MARITE-PICCOLO.jpg","width":542,"height":584,"caption":"Marite Salatiello"},"image":{"@id":"https:\/\/maritesalatiello.com\/it\/#\/schema\/logo\/image\/"}}]}},"jetpack_sharing_enabled":true,"_links":{"self":[{"href":"https:\/\/maritesalatiello.com\/it\/wp-json\/wp\/v2\/product\/6986","targetHints":{"allow":["GET"]}}],"collection":[{"href":"https:\/\/maritesalatiello.com\/it\/wp-json\/wp\/v2\/product"}],"about":[{"href":"https:\/\/maritesalatiello.com\/it\/wp-json\/wp\/v2\/types\/product"}],"wp:featuredmedia":[{"embeddable":true,"href":"https:\/\/maritesalatiello.com\/it\/wp-json\/wp\/v2\/media\/6994"}],"wp:attachment":[{"href":"https:\/\/maritesalatiello.com\/it\/wp-json\/wp\/v2\/media?parent=6986"}],"wp:term":[{"taxonomy":"product_brand","embeddable":true,"href":"https:\/\/maritesalatiello.com\/it\/wp-json\/wp\/v2\/product_brand?post=6986"},{"taxonomy":"product_cat","embeddable":true,"href":"https:\/\/maritesalatiello.com\/it\/wp-json\/wp\/v2\/product_cat?post=6986"},{"taxonomy":"product_tag","embeddable":true,"href":"https:\/\/maritesalatiello.com\/it\/wp-json\/wp\/v2\/product_tag?post=6986"}],"curies":[{"name":"wp","href":"https:\/\/api.w.org\/{rel}","templated":true}]}}