{"id":6073,"date":"2025-03-19T10:33:21","date_gmt":"2025-03-19T10:33:21","guid":{"rendered":"https:\/\/maritesalatiello.com\/it\/?post_type=product&#038;p=6073"},"modified":"2025-05-25T07:42:17","modified_gmt":"2025-05-25T07:42:17","slug":"unshame-yourself-workshop-rome","status":"publish","type":"product","link":"https:\/\/maritesalatiello.com\/it\/prodotto\/unshame-yourself-workshop-rome\/","title":{"rendered":"UNSHAME YOURSELF WORKSHOP ROME"},"content":{"rendered":"<h4>La vergogna non \u00e8 un\u2019emozione. \u00c8 un testimone oculare, che giudica, umilia, blocca, frizza il nostro corpo, generando emozioni che mettono in dubbio le nostre possibilit\u00e0, capacit\u00e0 e ci allontanano dal nostro desiderio. E sopra tutto decide che c\u2019\u00e8 qualcosa di sbagliato in noi.<\/h4>\n<h4>Ed \u00e8 una voce interiore molto rumorosa. Ma non \u00e8 la nostra voce: \u00e8 la voce di tutto ci\u00f2 che abbiamo internalizzato: dal sistema l\u00ec fuori alla famiglia, dall\u2019esperienze vissute al trauma, dalle convinzioni e beliefs fino alle emozioni internalizzate (e spesso mai processate).<\/h4>\n<h4><strong><em>La vergogna non \u00e8 un\u2019emozione, \u00e8 un virus che vive dentro di noi e decide come dobbiamo sentirci, come dobbiamo parlare a noi stessi, l\u2019immagine che abbiamo di noi.<\/em><\/strong><\/h4>\n<h4><strong>Unshame Yourself \u00e8 un workshop trasformativo<\/strong> basato sul lavoro somatico, mindset ed energetico che ti offre una conoscenza a fondo della connessione tra corpo ed emozioni, corpo e stress, sistema nervoso e trauma, vergogna e pensieri, emozioni, azioni e risultati.<\/h4>\n<h4>E che d\u00e0 strumenti per esplorare, indagare, rivelare l\u2019intelligenza che c\u2019\u00e8 dietro la vergogna.<\/h4>\n<h4>La tua reale identit\u00e0.<\/h4>\n<h4>E come utilizzare gli strumenti che ti offre il corpo in un lavoro di riconnessione, esplorazione e trasformazione personale.<\/h4>\n<h4><strong>Che persona saresti senza Vergogna? <\/strong><\/h4>\n<h4>Unshame Yourself \u00e8 un processo parte del metodo Becoming Yourself \u00ae<\/h4>\n","protected":false},"excerpt":{"rendered":"<h5>3 Giorni di workshop dal vivo presso lo Studio Yoga Light House in via Romagna 48, Roma<\/h5>\n<h5>In cui lavoreremo su:<\/h5>\n<h5><strong>Healing<\/strong> = informazione e pratiche di <strong>regolazione del sistema nervoso<\/strong>, <strong>stress e trauma<\/strong>, tecniche di <strong>rilascio delle emozioni<\/strong>, <strong>teoria del nervo vago<\/strong>.<\/h5>\n<h5><strong>Unfolding<\/strong> = <strong>Mente conscia e mente inconscia<\/strong>, <strong>il processo di creazione<\/strong>, <strong>il processo di Unshaming<\/strong>.<\/h5>\n<h5><strong>Becoming<\/strong> = <strong>Shadow work<\/strong> (lavoro sulle ombre), <strong>embodiment della nuova versione di te.<\/strong><\/h5>\n<h5><em>Il workshop \u00e8 a numero chiuso per un massimo di 15 persone<\/em><\/h5>\n<h5>*I partecipanti avranno accesso al workbook di Unshame Yourself.<\/h5>\n<p><em>*una volta effettuato l&#8217;acquisto del workshop non \u00e8 previsto rimborso\u00a0<\/em><\/p>\n","protected":false},"featured_media":6075,"template":"","meta":{"_et_pb_use_builder":"","_et_pb_old_content":"","_et_gb_content_width":""},"product_brand":[],"product_cat":[80,82,79],"product_tag":[],"class_list":{"0":"post-6073","1":"product","2":"type-product","3":"status-publish","4":"has-post-thumbnail","6":"product_cat-corsi","7":"product_cat-courses","8":"product_cat-senza-categoria","10":"first","11":"instock","12":"shipping-taxable","13":"purchasable","14":"product-type-simple"},"yoast_head":"<!-- This site is optimized with the Yoast SEO plugin v27.1.1 - https:\/\/yoast.com\/product\/yoast-seo-wordpress\/ -->\n<title>UNSHAME YOURSELF WORKSHOP ROME - Marite Salatiello<\/title>\n<meta name=\"description\" content=\"shame unshaming lavoro somatico vergogna coaching corpo emozioni mente energia trasformazione cambiamento healing processo roma evento live\" \/>\n<meta name=\"robots\" content=\"index, follow, max-snippet:-1, max-image-preview:large, max-video-preview:-1\" \/>\n<link rel=\"canonical\" href=\"https:\/\/maritesalatiello.com\/it\/prodotto\/unshame-yourself-workshop-rome\/\" \/>\n<meta property=\"og:locale\" content=\"it_IT\" \/>\n<meta property=\"og:type\" content=\"article\" \/>\n<meta property=\"og:title\" content=\"UNSHAME YOURSELF WORKSHOP ROME - Marite Salatiello\" \/>\n<meta property=\"og:description\" content=\"shame unshaming lavoro somatico vergogna coaching corpo emozioni mente energia trasformazione cambiamento healing processo roma evento live\" \/>\n<meta property=\"og:url\" content=\"https:\/\/maritesalatiello.com\/it\/prodotto\/unshame-yourself-workshop-rome\/\" \/>\n<meta property=\"og:site_name\" content=\"Marite Salatiello\" \/>\n<meta property=\"article:modified_time\" content=\"2025-05-25T07:42:17+00:00\" \/>\n<meta property=\"og:image\" content=\"https:\/\/maritesalatiello.com\/it\/wp-content\/uploads\/2025\/03\/Progetto-senza-titolo-5.jpg\" \/>\n\t<meta property=\"og:image:width\" content=\"1654\" \/>\n\t<meta property=\"og:image:height\" content=\"1654\" \/>\n\t<meta property=\"og:image:type\" content=\"image\/jpeg\" \/>\n<meta name=\"twitter:card\" content=\"summary_large_image\" \/>\n<meta name=\"twitter:label1\" content=\"Tempo di lettura stimato\" \/>\n\t<meta name=\"twitter:data1\" content=\"2 minuti\" \/>\n<script type=\"application\/ld+json\" class=\"yoast-schema-graph\">{\"@context\":\"https:\/\/schema.org\",\"@graph\":[{\"@type\":\"WebPage\",\"@id\":\"https:\/\/maritesalatiello.com\/it\/prodotto\/unshame-yourself-workshop-rome\/\",\"url\":\"https:\/\/maritesalatiello.com\/it\/prodotto\/unshame-yourself-workshop-rome\/\",\"name\":\"UNSHAME YOURSELF WORKSHOP ROME - Marite Salatiello\",\"isPartOf\":{\"@id\":\"https:\/\/maritesalatiello.com\/it\/#website\"},\"primaryImageOfPage\":{\"@id\":\"https:\/\/maritesalatiello.com\/it\/prodotto\/unshame-yourself-workshop-rome\/#primaryimage\"},\"image\":{\"@id\":\"https:\/\/maritesalatiello.com\/it\/prodotto\/unshame-yourself-workshop-rome\/#primaryimage\"},\"thumbnailUrl\":\"https:\/\/maritesalatiello.com\/it\/wp-content\/uploads\/2025\/03\/Progetto-senza-titolo-5.jpg\",\"datePublished\":\"2025-03-19T10:33:21+00:00\",\"dateModified\":\"2025-05-25T07:42:17+00:00\",\"description\":\"shame unshaming lavoro somatico vergogna coaching corpo emozioni mente energia trasformazione cambiamento healing processo roma evento live\",\"breadcrumb\":{\"@id\":\"https:\/\/maritesalatiello.com\/it\/prodotto\/unshame-yourself-workshop-rome\/#breadcrumb\"},\"inLanguage\":\"it-IT\",\"potentialAction\":[{\"@type\":\"ReadAction\",\"target\":[\"https:\/\/maritesalatiello.com\/it\/prodotto\/unshame-yourself-workshop-rome\/\"]}]},{\"@type\":\"ImageObject\",\"inLanguage\":\"it-IT\",\"@id\":\"https:\/\/maritesalatiello.com\/it\/prodotto\/unshame-yourself-workshop-rome\/#primaryimage\",\"url\":\"https:\/\/maritesalatiello.com\/it\/wp-content\/uploads\/2025\/03\/Progetto-senza-titolo-5.jpg\",\"contentUrl\":\"https:\/\/maritesalatiello.com\/it\/wp-content\/uploads\/2025\/03\/Progetto-senza-titolo-5.jpg\",\"width\":1654,\"height\":1654},{\"@type\":\"BreadcrumbList\",\"@id\":\"https:\/\/maritesalatiello.com\/it\/prodotto\/unshame-yourself-workshop-rome\/#breadcrumb\",\"itemListElement\":[{\"@type\":\"ListItem\",\"position\":1,\"name\":\"Home\",\"item\":\"https:\/\/maritesalatiello.com\/it\/\"},{\"@type\":\"ListItem\",\"position\":2,\"name\":\"Offers\",\"item\":\"https:\/\/maritesalatiello.com\/it\/corsi\/\"},{\"@type\":\"ListItem\",\"position\":3,\"name\":\"UNSHAME YOURSELF WORKSHOP ROME\"}]},{\"@type\":\"WebSite\",\"@id\":\"https:\/\/maritesalatiello.com\/it\/#website\",\"url\":\"https:\/\/maritesalatiello.com\/it\/\",\"name\":\"Marite Salatiello\",\"description\":\"Actress\",\"publisher\":{\"@id\":\"https:\/\/maritesalatiello.com\/it\/#organization\"},\"potentialAction\":[{\"@type\":\"SearchAction\",\"target\":{\"@type\":\"EntryPoint\",\"urlTemplate\":\"https:\/\/maritesalatiello.com\/it\/?s={search_term_string}\"},\"query-input\":{\"@type\":\"PropertyValueSpecification\",\"valueRequired\":true,\"valueName\":\"search_term_string\"}}],\"inLanguage\":\"it-IT\"},{\"@type\":\"Organization\",\"@id\":\"https:\/\/maritesalatiello.com\/it\/#organization\",\"name\":\"Marite Salatiello\",\"url\":\"https:\/\/maritesalatiello.com\/it\/\",\"logo\":{\"@type\":\"ImageObject\",\"inLanguage\":\"it-IT\",\"@id\":\"https:\/\/maritesalatiello.com\/it\/#\/schema\/logo\/image\/\",\"url\":\"https:\/\/maritesalatiello.com\/it\/wp-content\/uploads\/2022\/01\/LOGO-MARITE-PICCOLO.jpg\",\"contentUrl\":\"https:\/\/maritesalatiello.com\/it\/wp-content\/uploads\/2022\/01\/LOGO-MARITE-PICCOLO.jpg\",\"width\":542,\"height\":584,\"caption\":\"Marite Salatiello\"},\"image\":{\"@id\":\"https:\/\/maritesalatiello.com\/it\/#\/schema\/logo\/image\/\"}}]}<\/script>\n<!-- \/ Yoast SEO plugin. -->","yoast_head_json":{"title":"UNSHAME YOURSELF WORKSHOP ROME - Marite Salatiello","description":"shame unshaming lavoro somatico vergogna coaching corpo emozioni mente energia trasformazione cambiamento healing processo roma evento live","robots":{"index":"index","follow":"follow","max-snippet":"max-snippet:-1","max-image-preview":"max-image-preview:large","max-video-preview":"max-video-preview:-1"},"canonical":"https:\/\/maritesalatiello.com\/it\/prodotto\/unshame-yourself-workshop-rome\/","og_locale":"it_IT","og_type":"article","og_title":"UNSHAME YOURSELF WORKSHOP ROME - Marite Salatiello","og_description":"shame unshaming lavoro somatico vergogna coaching corpo emozioni mente energia trasformazione cambiamento healing processo roma evento live","og_url":"https:\/\/maritesalatiello.com\/it\/prodotto\/unshame-yourself-workshop-rome\/","og_site_name":"Marite Salatiello","article_modified_time":"2025-05-25T07:42:17+00:00","og_image":[{"width":1654,"height":1654,"url":"https:\/\/maritesalatiello.com\/it\/wp-content\/uploads\/2025\/03\/Progetto-senza-titolo-5.jpg","type":"image\/jpeg"}],"twitter_card":"summary_large_image","twitter_misc":{"Tempo di lettura stimato":"2 minuti"},"schema":{"@context":"https:\/\/schema.org","@graph":[{"@type":"WebPage","@id":"https:\/\/maritesalatiello.com\/it\/prodotto\/unshame-yourself-workshop-rome\/","url":"https:\/\/maritesalatiello.com\/it\/prodotto\/unshame-yourself-workshop-rome\/","name":"UNSHAME YOURSELF WORKSHOP ROME - Marite Salatiello","isPartOf":{"@id":"https:\/\/maritesalatiello.com\/it\/#website"},"primaryImageOfPage":{"@id":"https:\/\/maritesalatiello.com\/it\/prodotto\/unshame-yourself-workshop-rome\/#primaryimage"},"image":{"@id":"https:\/\/maritesalatiello.com\/it\/prodotto\/unshame-yourself-workshop-rome\/#primaryimage"},"thumbnailUrl":"https:\/\/maritesalatiello.com\/it\/wp-content\/uploads\/2025\/03\/Progetto-senza-titolo-5.jpg","datePublished":"2025-03-19T10:33:21+00:00","dateModified":"2025-05-25T07:42:17+00:00","description":"shame unshaming lavoro somatico vergogna coaching corpo emozioni mente energia trasformazione cambiamento healing processo roma evento live","breadcrumb":{"@id":"https:\/\/maritesalatiello.com\/it\/prodotto\/unshame-yourself-workshop-rome\/#breadcrumb"},"inLanguage":"it-IT","potentialAction":[{"@type":"ReadAction","target":["https:\/\/maritesalatiello.com\/it\/prodotto\/unshame-yourself-workshop-rome\/"]}]},{"@type":"ImageObject","inLanguage":"it-IT","@id":"https:\/\/maritesalatiello.com\/it\/prodotto\/unshame-yourself-workshop-rome\/#primaryimage","url":"https:\/\/maritesalatiello.com\/it\/wp-content\/uploads\/2025\/03\/Progetto-senza-titolo-5.jpg","contentUrl":"https:\/\/maritesalatiello.com\/it\/wp-content\/uploads\/2025\/03\/Progetto-senza-titolo-5.jpg","width":1654,"height":1654},{"@type":"BreadcrumbList","@id":"https:\/\/maritesalatiello.com\/it\/prodotto\/unshame-yourself-workshop-rome\/#breadcrumb","itemListElement":[{"@type":"ListItem","position":1,"name":"Home","item":"https:\/\/maritesalatiello.com\/it\/"},{"@type":"ListItem","position":2,"name":"Offers","item":"https:\/\/maritesalatiello.com\/it\/corsi\/"},{"@type":"ListItem","position":3,"name":"UNSHAME YOURSELF WORKSHOP ROME"}]},{"@type":"WebSite","@id":"https:\/\/maritesalatiello.com\/it\/#website","url":"https:\/\/maritesalatiello.com\/it\/","name":"Marite Salatiello","description":"Actress","publisher":{"@id":"https:\/\/maritesalatiello.com\/it\/#organization"},"potentialAction":[{"@type":"SearchAction","target":{"@type":"EntryPoint","urlTemplate":"https:\/\/maritesalatiello.com\/it\/?s={search_term_string}"},"query-input":{"@type":"PropertyValueSpecification","valueRequired":true,"valueName":"search_term_string"}}],"inLanguage":"it-IT"},{"@type":"Organization","@id":"https:\/\/maritesalatiello.com\/it\/#organization","name":"Marite Salatiello","url":"https:\/\/maritesalatiello.com\/it\/","logo":{"@type":"ImageObject","inLanguage":"it-IT","@id":"https:\/\/maritesalatiello.com\/it\/#\/schema\/logo\/image\/","url":"https:\/\/maritesalatiello.com\/it\/wp-content\/uploads\/2022\/01\/LOGO-MARITE-PICCOLO.jpg","contentUrl":"https:\/\/maritesalatiello.com\/it\/wp-content\/uploads\/2022\/01\/LOGO-MARITE-PICCOLO.jpg","width":542,"height":584,"caption":"Marite Salatiello"},"image":{"@id":"https:\/\/maritesalatiello.com\/it\/#\/schema\/logo\/image\/"}}]}},"jetpack_sharing_enabled":true,"_links":{"self":[{"href":"https:\/\/maritesalatiello.com\/it\/wp-json\/wp\/v2\/product\/6073","targetHints":{"allow":["GET"]}}],"collection":[{"href":"https:\/\/maritesalatiello.com\/it\/wp-json\/wp\/v2\/product"}],"about":[{"href":"https:\/\/maritesalatiello.com\/it\/wp-json\/wp\/v2\/types\/product"}],"wp:featuredmedia":[{"embeddable":true,"href":"https:\/\/maritesalatiello.com\/it\/wp-json\/wp\/v2\/media\/6075"}],"wp:attachment":[{"href":"https:\/\/maritesalatiello.com\/it\/wp-json\/wp\/v2\/media?parent=6073"}],"wp:term":[{"taxonomy":"product_brand","embeddable":true,"href":"https:\/\/maritesalatiello.com\/it\/wp-json\/wp\/v2\/product_brand?post=6073"},{"taxonomy":"product_cat","embeddable":true,"href":"https:\/\/maritesalatiello.com\/it\/wp-json\/wp\/v2\/product_cat?post=6073"},{"taxonomy":"product_tag","embeddable":true,"href":"https:\/\/maritesalatiello.com\/it\/wp-json\/wp\/v2\/product_tag?post=6073"}],"curies":[{"name":"wp","href":"https:\/\/api.w.org\/{rel}","templated":true}]}}