{"id":5893,"date":"2025-02-19T12:33:45","date_gmt":"2025-02-19T12:33:45","guid":{"rendered":"https:\/\/maritesalatiello.com\/it\/?post_type=product&#038;p=5893"},"modified":"2025-05-25T07:42:39","modified_gmt":"2025-05-25T07:42:39","slug":"presentazione-di-human-design-dal-vivo","status":"publish","type":"product","link":"https:\/\/maritesalatiello.com\/it\/prodotto\/presentazione-di-human-design-dal-vivo\/","title":{"rendered":"Intro LIVE Human Design dal vivo"},"content":{"rendered":"<h3>Una presentazione dal vivo su cos&#8217;\u00e8 lo Human Design e come utilizzarlo nella vita di tutti giorni: impara sui tipi, strategia, autorit\u00e0, definizione e profili, pi\u00f9 suggerimenti e consigli direttamente dalla coach di Human Design Marit\u00e8 Salatiello.<\/h3>\n<h3>Oltre al video riceverai il documento pdf di presentazione di Human Design!<\/h3>\n<h3>\u20ac12,00<\/h3>\n","protected":false},"excerpt":{"rendered":"<h3>Una presentazione dal vivo su cos&#8217;\u00e8 lo Human Design e come utilizzarlo nella vita di tutti giorni: impara sui tipi, strategia, autorit\u00e0, definizione e profili, pi\u00f9 suggerimenti e consigli direttamente dalla coach di Human Design Marit\u00e8 Salatiello.<\/h3>\n<h3>Oltre al video riceverai il documento pdf di presentazione di Human Design!<\/h3>\n<h3>\u20ac12,00<\/h3>\n","protected":false},"featured_media":5896,"template":"","meta":{"_et_pb_use_builder":"","_et_pb_old_content":"","_et_gb_content_width":""},"product_brand":[],"product_cat":[80,82,79],"product_tag":[],"class_list":{"0":"post-5893","1":"product","2":"type-product","3":"status-publish","4":"has-post-thumbnail","6":"product_cat-corsi","7":"product_cat-courses","8":"product_cat-senza-categoria","10":"first","11":"instock","12":"virtual","13":"purchasable","14":"product-type-simple"},"yoast_head":"<!-- This site is optimized with the Yoast SEO plugin v27.1.1 - https:\/\/yoast.com\/product\/yoast-seo-wordpress\/ -->\n<title>Intro LIVE Human Design dal vivo - Marite Salatiello<\/title>\n<meta name=\"description\" content=\"humandesign coaching evento dal vivo generatore manifestante proiettore manifestatore hd coach Marit\u00e8 Salatiello potenzia la tua energia\" \/>\n<meta name=\"robots\" content=\"index, follow, max-snippet:-1, max-image-preview:large, max-video-preview:-1\" \/>\n<link rel=\"canonical\" href=\"https:\/\/maritesalatiello.com\/it\/prodotto\/presentazione-di-human-design-dal-vivo\/\" \/>\n<meta property=\"og:locale\" content=\"it_IT\" \/>\n<meta property=\"og:type\" content=\"article\" \/>\n<meta property=\"og:title\" content=\"Intro LIVE Human Design dal vivo - Marite Salatiello\" \/>\n<meta property=\"og:description\" content=\"humandesign coaching evento dal vivo generatore manifestante proiettore manifestatore hd coach Marit\u00e8 Salatiello potenzia la tua energia\" \/>\n<meta property=\"og:url\" content=\"https:\/\/maritesalatiello.com\/it\/prodotto\/presentazione-di-human-design-dal-vivo\/\" \/>\n<meta property=\"og:site_name\" content=\"Marite Salatiello\" \/>\n<meta property=\"article:modified_time\" content=\"2025-05-25T07:42:39+00:00\" \/>\n<meta property=\"og:image\" content=\"https:\/\/maritesalatiello.com\/it\/wp-content\/uploads\/2025\/02\/HD-MARKETING-EVENTS.jpg\" \/>\n\t<meta property=\"og:image:width\" content=\"1080\" \/>\n\t<meta property=\"og:image:height\" content=\"1080\" \/>\n\t<meta property=\"og:image:type\" content=\"image\/jpeg\" \/>\n<meta name=\"twitter:card\" content=\"summary_large_image\" \/>\n<meta name=\"twitter:label1\" content=\"Tempo di lettura stimato\" \/>\n\t<meta name=\"twitter:data1\" content=\"1 minuto\" \/>\n<script type=\"application\/ld+json\" class=\"yoast-schema-graph\">{\"@context\":\"https:\/\/schema.org\",\"@graph\":[{\"@type\":\"WebPage\",\"@id\":\"https:\/\/maritesalatiello.com\/it\/prodotto\/presentazione-di-human-design-dal-vivo\/\",\"url\":\"https:\/\/maritesalatiello.com\/it\/prodotto\/presentazione-di-human-design-dal-vivo\/\",\"name\":\"Intro LIVE Human Design dal vivo - Marite Salatiello\",\"isPartOf\":{\"@id\":\"https:\/\/maritesalatiello.com\/it\/#website\"},\"primaryImageOfPage\":{\"@id\":\"https:\/\/maritesalatiello.com\/it\/prodotto\/presentazione-di-human-design-dal-vivo\/#primaryimage\"},\"image\":{\"@id\":\"https:\/\/maritesalatiello.com\/it\/prodotto\/presentazione-di-human-design-dal-vivo\/#primaryimage\"},\"thumbnailUrl\":\"https:\/\/maritesalatiello.com\/it\/wp-content\/uploads\/2025\/02\/HD-MARKETING-EVENTS.jpg\",\"datePublished\":\"2025-02-19T12:33:45+00:00\",\"dateModified\":\"2025-05-25T07:42:39+00:00\",\"description\":\"humandesign coaching evento dal vivo generatore manifestante proiettore manifestatore hd coach Marit\u00e8 Salatiello potenzia la tua energia\",\"breadcrumb\":{\"@id\":\"https:\/\/maritesalatiello.com\/it\/prodotto\/presentazione-di-human-design-dal-vivo\/#breadcrumb\"},\"inLanguage\":\"it-IT\",\"potentialAction\":[{\"@type\":\"ReadAction\",\"target\":[\"https:\/\/maritesalatiello.com\/it\/prodotto\/presentazione-di-human-design-dal-vivo\/\"]}]},{\"@type\":\"ImageObject\",\"inLanguage\":\"it-IT\",\"@id\":\"https:\/\/maritesalatiello.com\/it\/prodotto\/presentazione-di-human-design-dal-vivo\/#primaryimage\",\"url\":\"https:\/\/maritesalatiello.com\/it\/wp-content\/uploads\/2025\/02\/HD-MARKETING-EVENTS.jpg\",\"contentUrl\":\"https:\/\/maritesalatiello.com\/it\/wp-content\/uploads\/2025\/02\/HD-MARKETING-EVENTS.jpg\",\"width\":1080,\"height\":1080},{\"@type\":\"BreadcrumbList\",\"@id\":\"https:\/\/maritesalatiello.com\/it\/prodotto\/presentazione-di-human-design-dal-vivo\/#breadcrumb\",\"itemListElement\":[{\"@type\":\"ListItem\",\"position\":1,\"name\":\"Home\",\"item\":\"https:\/\/maritesalatiello.com\/it\/\"},{\"@type\":\"ListItem\",\"position\":2,\"name\":\"Offers\",\"item\":\"https:\/\/maritesalatiello.com\/it\/corsi\/\"},{\"@type\":\"ListItem\",\"position\":3,\"name\":\"Intro LIVE Human Design dal vivo\"}]},{\"@type\":\"WebSite\",\"@id\":\"https:\/\/maritesalatiello.com\/it\/#website\",\"url\":\"https:\/\/maritesalatiello.com\/it\/\",\"name\":\"Marite Salatiello\",\"description\":\"Actress\",\"publisher\":{\"@id\":\"https:\/\/maritesalatiello.com\/it\/#organization\"},\"potentialAction\":[{\"@type\":\"SearchAction\",\"target\":{\"@type\":\"EntryPoint\",\"urlTemplate\":\"https:\/\/maritesalatiello.com\/it\/?s={search_term_string}\"},\"query-input\":{\"@type\":\"PropertyValueSpecification\",\"valueRequired\":true,\"valueName\":\"search_term_string\"}}],\"inLanguage\":\"it-IT\"},{\"@type\":\"Organization\",\"@id\":\"https:\/\/maritesalatiello.com\/it\/#organization\",\"name\":\"Marite Salatiello\",\"url\":\"https:\/\/maritesalatiello.com\/it\/\",\"logo\":{\"@type\":\"ImageObject\",\"inLanguage\":\"it-IT\",\"@id\":\"https:\/\/maritesalatiello.com\/it\/#\/schema\/logo\/image\/\",\"url\":\"https:\/\/maritesalatiello.com\/it\/wp-content\/uploads\/2022\/01\/LOGO-MARITE-PICCOLO.jpg\",\"contentUrl\":\"https:\/\/maritesalatiello.com\/it\/wp-content\/uploads\/2022\/01\/LOGO-MARITE-PICCOLO.jpg\",\"width\":542,\"height\":584,\"caption\":\"Marite Salatiello\"},\"image\":{\"@id\":\"https:\/\/maritesalatiello.com\/it\/#\/schema\/logo\/image\/\"}}]}<\/script>\n<!-- \/ Yoast SEO plugin. -->","yoast_head_json":{"title":"Intro LIVE Human Design dal vivo - Marite Salatiello","description":"humandesign coaching evento dal vivo generatore manifestante proiettore manifestatore hd coach Marit\u00e8 Salatiello potenzia la tua energia","robots":{"index":"index","follow":"follow","max-snippet":"max-snippet:-1","max-image-preview":"max-image-preview:large","max-video-preview":"max-video-preview:-1"},"canonical":"https:\/\/maritesalatiello.com\/it\/prodotto\/presentazione-di-human-design-dal-vivo\/","og_locale":"it_IT","og_type":"article","og_title":"Intro LIVE Human Design dal vivo - Marite Salatiello","og_description":"humandesign coaching evento dal vivo generatore manifestante proiettore manifestatore hd coach Marit\u00e8 Salatiello potenzia la tua energia","og_url":"https:\/\/maritesalatiello.com\/it\/prodotto\/presentazione-di-human-design-dal-vivo\/","og_site_name":"Marite Salatiello","article_modified_time":"2025-05-25T07:42:39+00:00","og_image":[{"width":1080,"height":1080,"url":"https:\/\/maritesalatiello.com\/it\/wp-content\/uploads\/2025\/02\/HD-MARKETING-EVENTS.jpg","type":"image\/jpeg"}],"twitter_card":"summary_large_image","twitter_misc":{"Tempo di lettura stimato":"1 minuto"},"schema":{"@context":"https:\/\/schema.org","@graph":[{"@type":"WebPage","@id":"https:\/\/maritesalatiello.com\/it\/prodotto\/presentazione-di-human-design-dal-vivo\/","url":"https:\/\/maritesalatiello.com\/it\/prodotto\/presentazione-di-human-design-dal-vivo\/","name":"Intro LIVE Human Design dal vivo - Marite Salatiello","isPartOf":{"@id":"https:\/\/maritesalatiello.com\/it\/#website"},"primaryImageOfPage":{"@id":"https:\/\/maritesalatiello.com\/it\/prodotto\/presentazione-di-human-design-dal-vivo\/#primaryimage"},"image":{"@id":"https:\/\/maritesalatiello.com\/it\/prodotto\/presentazione-di-human-design-dal-vivo\/#primaryimage"},"thumbnailUrl":"https:\/\/maritesalatiello.com\/it\/wp-content\/uploads\/2025\/02\/HD-MARKETING-EVENTS.jpg","datePublished":"2025-02-19T12:33:45+00:00","dateModified":"2025-05-25T07:42:39+00:00","description":"humandesign coaching evento dal vivo generatore manifestante proiettore manifestatore hd coach Marit\u00e8 Salatiello potenzia la tua energia","breadcrumb":{"@id":"https:\/\/maritesalatiello.com\/it\/prodotto\/presentazione-di-human-design-dal-vivo\/#breadcrumb"},"inLanguage":"it-IT","potentialAction":[{"@type":"ReadAction","target":["https:\/\/maritesalatiello.com\/it\/prodotto\/presentazione-di-human-design-dal-vivo\/"]}]},{"@type":"ImageObject","inLanguage":"it-IT","@id":"https:\/\/maritesalatiello.com\/it\/prodotto\/presentazione-di-human-design-dal-vivo\/#primaryimage","url":"https:\/\/maritesalatiello.com\/it\/wp-content\/uploads\/2025\/02\/HD-MARKETING-EVENTS.jpg","contentUrl":"https:\/\/maritesalatiello.com\/it\/wp-content\/uploads\/2025\/02\/HD-MARKETING-EVENTS.jpg","width":1080,"height":1080},{"@type":"BreadcrumbList","@id":"https:\/\/maritesalatiello.com\/it\/prodotto\/presentazione-di-human-design-dal-vivo\/#breadcrumb","itemListElement":[{"@type":"ListItem","position":1,"name":"Home","item":"https:\/\/maritesalatiello.com\/it\/"},{"@type":"ListItem","position":2,"name":"Offers","item":"https:\/\/maritesalatiello.com\/it\/corsi\/"},{"@type":"ListItem","position":3,"name":"Intro LIVE Human Design dal vivo"}]},{"@type":"WebSite","@id":"https:\/\/maritesalatiello.com\/it\/#website","url":"https:\/\/maritesalatiello.com\/it\/","name":"Marite Salatiello","description":"Actress","publisher":{"@id":"https:\/\/maritesalatiello.com\/it\/#organization"},"potentialAction":[{"@type":"SearchAction","target":{"@type":"EntryPoint","urlTemplate":"https:\/\/maritesalatiello.com\/it\/?s={search_term_string}"},"query-input":{"@type":"PropertyValueSpecification","valueRequired":true,"valueName":"search_term_string"}}],"inLanguage":"it-IT"},{"@type":"Organization","@id":"https:\/\/maritesalatiello.com\/it\/#organization","name":"Marite Salatiello","url":"https:\/\/maritesalatiello.com\/it\/","logo":{"@type":"ImageObject","inLanguage":"it-IT","@id":"https:\/\/maritesalatiello.com\/it\/#\/schema\/logo\/image\/","url":"https:\/\/maritesalatiello.com\/it\/wp-content\/uploads\/2022\/01\/LOGO-MARITE-PICCOLO.jpg","contentUrl":"https:\/\/maritesalatiello.com\/it\/wp-content\/uploads\/2022\/01\/LOGO-MARITE-PICCOLO.jpg","width":542,"height":584,"caption":"Marite Salatiello"},"image":{"@id":"https:\/\/maritesalatiello.com\/it\/#\/schema\/logo\/image\/"}}]}},"jetpack_sharing_enabled":true,"_links":{"self":[{"href":"https:\/\/maritesalatiello.com\/it\/wp-json\/wp\/v2\/product\/5893","targetHints":{"allow":["GET"]}}],"collection":[{"href":"https:\/\/maritesalatiello.com\/it\/wp-json\/wp\/v2\/product"}],"about":[{"href":"https:\/\/maritesalatiello.com\/it\/wp-json\/wp\/v2\/types\/product"}],"wp:featuredmedia":[{"embeddable":true,"href":"https:\/\/maritesalatiello.com\/it\/wp-json\/wp\/v2\/media\/5896"}],"wp:attachment":[{"href":"https:\/\/maritesalatiello.com\/it\/wp-json\/wp\/v2\/media?parent=5893"}],"wp:term":[{"taxonomy":"product_brand","embeddable":true,"href":"https:\/\/maritesalatiello.com\/it\/wp-json\/wp\/v2\/product_brand?post=5893"},{"taxonomy":"product_cat","embeddable":true,"href":"https:\/\/maritesalatiello.com\/it\/wp-json\/wp\/v2\/product_cat?post=5893"},{"taxonomy":"product_tag","embeddable":true,"href":"https:\/\/maritesalatiello.com\/it\/wp-json\/wp\/v2\/product_tag?post=5893"}],"curies":[{"name":"wp","href":"https:\/\/api.w.org\/{rel}","templated":true}]}}