{"id":2814,"date":"2022-12-27T15:49:25","date_gmt":"2022-12-27T15:49:25","guid":{"rendered":"https:\/\/maritesalatiello.com\/it\/?post_type=product&#038;p=2814"},"modified":"2026-04-13T07:59:07","modified_gmt":"2026-04-13T07:59:07","slug":"human-design-reading","status":"publish","type":"product","link":"https:\/\/maritesalatiello.com\/it\/prodotto\/human-design-reading\/","title":{"rendered":"Human Design Session"},"content":{"rendered":"<p>Do you want to explore your Human Design?<\/p>\n<p>Curious to understand your chart and details?<\/p>\n<p>If the answer is yes, then this session is for You. <strong>I am here to give you 60 mins of reading of your Human Design Chart.<\/strong><\/p>\n<p>Either you are new in human design or you want a deeper knowledge.<\/p>\n<p>What is it <strong>Human Design<\/strong>? It&#8217;s called the <strong><em>Science of differentiation<\/em><\/strong>.<\/p>\n<p>Human design is based on the principle based on which <strong>every one is a unique human being who <\/strong><strong>functions in a unique way<\/strong>, energetically speaking, <strong>each of us has a specific mechanics and unique purpose based on their own genes and energy.<\/strong><\/p>\n<p><strong>It&#8217;s a system that based on your date, time and place of birth gives you your energetic DNA,<\/strong> your energetic map that shows you how <strong>do you energetically function and how you can thrive<\/strong> by having an understanding of your energy type, strategy (how to make decisions), authority (when to make decisions), channels and gates, what areas you are the most conditioned by the external environment, what kind of energy you can always rely on and use to influence the world around you. So you can live in alignment to your design and in your self theme. What kind of energy you don&#8217;t have always access to, and might feel most conditioned by the external world.<\/p>\n<p><strong>I use The Human Design system in my coaching because it helps my client to have a detailed picture of their uniqueness,<\/strong> it&#8217;s a self discovery instrument to own every single gift and shadow that make them different from anyone else for their personality but also on how to make decisions.<\/p>\n<p>I also find Human Design incredibly powerful to apply in different areas of life: <strong>from business and marketing<\/strong> (how to thrive and valorise your business based on your unique design), <strong>in the team building<\/strong> (how to understand the people around you and the energetic interaction of a group so you can obtain the best results),<strong> in family<\/strong> (how to treat and valorise family member considering they are different from you and function differently from you), <strong>in any 1.1 relationship<\/strong> (love certainly but also business partnership, or friendship), <strong>to understand self care<\/strong>, <strong>seduction, any aspect of life where energy is involved: so ALL aspects.<\/strong><\/p>\n<p>Human Design connects you to your authentic self.<\/p>\n<p><em>&#8220;Also called Bodygraph is calculated using your birth date, time, and place to reveal your GENETIC DESIGN. HD shows you where and how to access your body&#8217;s consciousness as a decision-making tool, and how to live as your true self&#8221;.<\/em><\/p>\n","protected":false},"excerpt":{"rendered":"<p>Are you ready to explore your Human design? you energetic map? What have you been designed to become?<\/p>\n<p><strong>Human Design is a system that, based on your date, place and time of birth reveals your energetic map<\/strong>. How do you<strong> function<\/strong> and <strong>thrive based on your energy<\/strong>. The <strong>best strategy for you to make decisions<\/strong> based on your own and unique energy. Your <strong>natural gifts<\/strong> and shadows. The <strong>energy you have access to<\/strong> and the ones you cannot always rely on. <strong>How do you influence others<\/strong>. Your <strong>natural purpose<\/strong> based on your stamina and energy levels. <strong>Your main personality archetype<\/strong>.<\/p>\n<p>I will give you in one or more sessions all you need to know to connect to your design, bringing awareness of you gifts <strong>to live a life more aligned with your uniqueness and authenticity.<\/strong> <strong>To understand the energetic connection<\/strong> with other human beings and build strong relationships both in your private and business life.<\/p>\n","protected":false},"featured_media":7012,"template":"","meta":{"_et_pb_use_builder":"off","_et_pb_old_content":"<h4>Do you want to explore your Human Design?<\/h4>\r\n<h4>Curious to understand your chart and details?<\/h4>\r\n<h4>This session is for You. <strong>I am here to give you 75 mins of reading of your Human Design Chart.<\/strong><\/h4>\r\n<h4>Either you are new in human design or you want a deeper knowledge.<\/h4>\r\n<h4>What is it <strong>Human Design<\/strong>? It's the <strong><em>Science of differentiation<\/em><\/strong>.<\/h4>\r\n<h4>Based on your date, time and place of birth it gives you your energetic DNA, your energetic map that shows you how do you energetically function and how you can thrive the best based on you chart.<\/h4>\r\n<h4><em>\"Also called Bodygraph is calculated using your birth date, time, and place to reveal your GENETIC DESIGN. HD shows you where and how to access your body's consciouness as a decision-making tool, and how to live as your true self\".<\/em><\/h4>\r\n<h4>The principle of human design is that <strong>each of us is an unique human being who <\/strong><strong>function in a unique way<\/strong>, <strong>each of us has a specific mechanics and unique purpose based on their own genes and energy.<\/strong><\/h4>\r\n<h4>Throughout your chart we can study your own design; i will give you access to informations that are going to give you awareness on your personal energetic mechanics, (how do you function energetically), on your personality and design traits, on your strategy to make decisions, on your authority center, what areas you are the most conditioned by the external environment, what kind of energy you can always rely on and use to influence the world around you. So you can live in alignment to your desig and in your self theme.<\/h4>\r\n<h4>It's a live 75 mins recorded zoom session (so you can have access anytime to it).<\/h4>\r\n<h4>\u20ac100<\/h4>\r\n\r\n<hr \/>\r\n\r\n<h4>Hai voglia di esplorate il tuo Human Design?<\/h4>\r\n<h4>Curioso di scoprire la tua chart e i tuoi dettagli?<\/h4>\r\n<h4>Questa sessione \u00e8 per te.<\/h4>\r\n<h4><strong>Sono qui ad offrirti un'ora di lettura della tua specifica chart di Human Design.<\/strong><\/h4>\r\n<h4>Sia che tu sia nuovo allo Human Design o che voglia andare pi\u00f9 a fondo nella conoscenza del tuo design.<\/h4>\r\n<h4>Che cos'\u00e8 lo human design?<\/h4>\r\n<h4>Che cos'\u00e8 lo <strong>Human Design<\/strong>? E' la <strong><em>Scienza della differenziazione<\/em><\/strong>.<\/h4>\r\n<h4>Sulla base della tua data, orario e luogo di nascita ti rivela il tuo prototipo energetico, la tua mappa energetica, che ti mostrer\u00e0 come funzioni e come dare il meglio di te sulla base del tuo grafico\/bodygraph.<\/h4>\r\n<h4><em>\"Chiamato anche Bodygraph \u00e8 calcolato utilizzando la tua data di nascita, orario e luogo che rilevano il tuo specifico design e grafico. HD ti dimostra dove e come avere accesso al tuo subconscio come strumento per prendere decisioni, e vivere nella tua autenticit\u00e0\"<\/em><\/h4>\r\n<h4>Il principio dello human design \u00e8 che<strong> ognuno di noi \u00e8 unico come essere umano, e\u00a0 per questo motivo ognuno di noi funziona in modo diverso, ognuno di noi ha un diverso scopo basato sulla propria energia e genetica.<\/strong><\/h4>\r\n<h4>Attraverso la lettura del tuo grafico (chart) possiamo studiare il tuo specifico design, e ti dar\u00f2 accesso ad informazioni che ti daranno consapevolezza sulla tua meccanica energetica, (come funzioni energeticamente), sulla tua personalit\u00e0 e i tratti del tuo design, sulla tua strategia per prendere decisioni, sul tuo centro di autorit\u00e0, in quali aree sei pi\u00f9 soggetto al condizionamento esterno e su quali energie puoi sempre contare e che influenzerenno il mondo che ti circonda. Cos\u00ec da poter vivere in alineamento con il tuo design e nel tuo self theme.<\/h4>\r\n<h4>cambieranno il tuo modo di canalizzare le tue energie per funzionare al meglio e per allinearti al massimo il tuo unico e speciale obiettivo e scopo.<\/h4>\r\n<h4><\/h4>\r\n<h4>E' una sessione di 75 minuti dal vivo e registrata (a scelta del cliente, per poterne avere in ogni momento).<\/h4>\r\n<h4>\u20ac100<\/h4>","_et_gb_content_width":""},"product_brand":[],"product_cat":[80,82],"product_tag":[115,116,119,118,117],"class_list":{"0":"post-2814","1":"product","2":"type-product","3":"status-publish","4":"has-post-thumbnail","6":"product_cat-corsi","7":"product_cat-courses","8":"product_tag-human-design","9":"product_tag-italia","10":"product_tag-lettura","11":"product_tag-reading","12":"product_tag-session","14":"first","15":"instock","16":"sale","17":"shipping-taxable","18":"purchasable","19":"product-type-simple"},"yoast_head":"<!-- This site is optimized with the Yoast SEO plugin v27.1.1 - https:\/\/yoast.com\/product\/yoast-seo-wordpress\/ -->\n<title>Human Design Session - Marite Salatiello<\/title>\n<meta name=\"description\" content=\"60 mins 1:1 session to read your specific Bodychart on Zoom, on your specific chart to identify your personal design and channel your energy.\" \/>\n<meta name=\"robots\" content=\"index, follow, max-snippet:-1, max-image-preview:large, max-video-preview:-1\" \/>\n<link rel=\"canonical\" href=\"https:\/\/maritesalatiello.com\/it\/prodotto\/human-design-reading\/\" \/>\n<meta property=\"og:locale\" content=\"it_IT\" \/>\n<meta property=\"og:type\" content=\"article\" \/>\n<meta property=\"og:title\" content=\"Human Design Session - Marite Salatiello\" \/>\n<meta property=\"og:description\" content=\"60 mins 1:1 session to read your specific Bodychart on Zoom, on your specific chart to identify your personal design and channel your energy.\" \/>\n<meta property=\"og:url\" content=\"https:\/\/maritesalatiello.com\/it\/prodotto\/human-design-reading\/\" \/>\n<meta property=\"og:site_name\" content=\"Marite Salatiello\" \/>\n<meta property=\"article:modified_time\" content=\"2026-04-13T07:59:07+00:00\" \/>\n<meta property=\"og:image\" content=\"https:\/\/maritesalatiello.com\/it\/wp-content\/uploads\/2022\/12\/HD11.jpg\" \/>\n\t<meta property=\"og:image:width\" content=\"1080\" \/>\n\t<meta property=\"og:image:height\" content=\"1080\" \/>\n\t<meta property=\"og:image:type\" content=\"image\/jpeg\" \/>\n<meta name=\"twitter:card\" content=\"summary_large_image\" \/>\n<meta name=\"twitter:label1\" content=\"Tempo di lettura stimato\" \/>\n\t<meta name=\"twitter:data1\" content=\"3 minuti\" \/>\n<script type=\"application\/ld+json\" class=\"yoast-schema-graph\">{\"@context\":\"https:\/\/schema.org\",\"@graph\":[{\"@type\":\"WebPage\",\"@id\":\"https:\/\/maritesalatiello.com\/it\/prodotto\/human-design-reading\/\",\"url\":\"https:\/\/maritesalatiello.com\/it\/prodotto\/human-design-reading\/\",\"name\":\"Human Design Session - Marite Salatiello\",\"isPartOf\":{\"@id\":\"https:\/\/maritesalatiello.com\/it\/#website\"},\"primaryImageOfPage\":{\"@id\":\"https:\/\/maritesalatiello.com\/it\/prodotto\/human-design-reading\/#primaryimage\"},\"image\":{\"@id\":\"https:\/\/maritesalatiello.com\/it\/prodotto\/human-design-reading\/#primaryimage\"},\"thumbnailUrl\":\"https:\/\/maritesalatiello.com\/it\/wp-content\/uploads\/2022\/12\/HD11.jpg\",\"datePublished\":\"2022-12-27T15:49:25+00:00\",\"dateModified\":\"2026-04-13T07:59:07+00:00\",\"description\":\"60 mins 1:1 session to read your specific Bodychart on Zoom, on your specific chart to identify your personal design and channel your energy.\",\"breadcrumb\":{\"@id\":\"https:\/\/maritesalatiello.com\/it\/prodotto\/human-design-reading\/#breadcrumb\"},\"inLanguage\":\"it-IT\",\"potentialAction\":[{\"@type\":\"ReadAction\",\"target\":[\"https:\/\/maritesalatiello.com\/it\/prodotto\/human-design-reading\/\"]}]},{\"@type\":\"ImageObject\",\"inLanguage\":\"it-IT\",\"@id\":\"https:\/\/maritesalatiello.com\/it\/prodotto\/human-design-reading\/#primaryimage\",\"url\":\"https:\/\/maritesalatiello.com\/it\/wp-content\/uploads\/2022\/12\/HD11.jpg\",\"contentUrl\":\"https:\/\/maritesalatiello.com\/it\/wp-content\/uploads\/2022\/12\/HD11.jpg\",\"width\":1080,\"height\":1080},{\"@type\":\"BreadcrumbList\",\"@id\":\"https:\/\/maritesalatiello.com\/it\/prodotto\/human-design-reading\/#breadcrumb\",\"itemListElement\":[{\"@type\":\"ListItem\",\"position\":1,\"name\":\"Home\",\"item\":\"https:\/\/maritesalatiello.com\/it\/\"},{\"@type\":\"ListItem\",\"position\":2,\"name\":\"Offers\",\"item\":\"https:\/\/maritesalatiello.com\/it\/corsi\/\"},{\"@type\":\"ListItem\",\"position\":3,\"name\":\"Human Design Session\"}]},{\"@type\":\"WebSite\",\"@id\":\"https:\/\/maritesalatiello.com\/it\/#website\",\"url\":\"https:\/\/maritesalatiello.com\/it\/\",\"name\":\"Marite Salatiello\",\"description\":\"Actress\",\"publisher\":{\"@id\":\"https:\/\/maritesalatiello.com\/it\/#organization\"},\"potentialAction\":[{\"@type\":\"SearchAction\",\"target\":{\"@type\":\"EntryPoint\",\"urlTemplate\":\"https:\/\/maritesalatiello.com\/it\/?s={search_term_string}\"},\"query-input\":{\"@type\":\"PropertyValueSpecification\",\"valueRequired\":true,\"valueName\":\"search_term_string\"}}],\"inLanguage\":\"it-IT\"},{\"@type\":\"Organization\",\"@id\":\"https:\/\/maritesalatiello.com\/it\/#organization\",\"name\":\"Marite Salatiello\",\"url\":\"https:\/\/maritesalatiello.com\/it\/\",\"logo\":{\"@type\":\"ImageObject\",\"inLanguage\":\"it-IT\",\"@id\":\"https:\/\/maritesalatiello.com\/it\/#\/schema\/logo\/image\/\",\"url\":\"https:\/\/maritesalatiello.com\/it\/wp-content\/uploads\/2022\/01\/LOGO-MARITE-PICCOLO.jpg\",\"contentUrl\":\"https:\/\/maritesalatiello.com\/it\/wp-content\/uploads\/2022\/01\/LOGO-MARITE-PICCOLO.jpg\",\"width\":542,\"height\":584,\"caption\":\"Marite Salatiello\"},\"image\":{\"@id\":\"https:\/\/maritesalatiello.com\/it\/#\/schema\/logo\/image\/\"}}]}<\/script>\n<!-- \/ Yoast SEO plugin. -->","yoast_head_json":{"title":"Human Design Session - Marite Salatiello","description":"60 mins 1:1 session to read your specific Bodychart on Zoom, on your specific chart to identify your personal design and channel your energy.","robots":{"index":"index","follow":"follow","max-snippet":"max-snippet:-1","max-image-preview":"max-image-preview:large","max-video-preview":"max-video-preview:-1"},"canonical":"https:\/\/maritesalatiello.com\/it\/prodotto\/human-design-reading\/","og_locale":"it_IT","og_type":"article","og_title":"Human Design Session - Marite Salatiello","og_description":"60 mins 1:1 session to read your specific Bodychart on Zoom, on your specific chart to identify your personal design and channel your energy.","og_url":"https:\/\/maritesalatiello.com\/it\/prodotto\/human-design-reading\/","og_site_name":"Marite Salatiello","article_modified_time":"2026-04-13T07:59:07+00:00","og_image":[{"width":1080,"height":1080,"url":"https:\/\/maritesalatiello.com\/it\/wp-content\/uploads\/2022\/12\/HD11.jpg","type":"image\/jpeg"}],"twitter_card":"summary_large_image","twitter_misc":{"Tempo di lettura stimato":"3 minuti"},"schema":{"@context":"https:\/\/schema.org","@graph":[{"@type":"WebPage","@id":"https:\/\/maritesalatiello.com\/it\/prodotto\/human-design-reading\/","url":"https:\/\/maritesalatiello.com\/it\/prodotto\/human-design-reading\/","name":"Human Design Session - Marite Salatiello","isPartOf":{"@id":"https:\/\/maritesalatiello.com\/it\/#website"},"primaryImageOfPage":{"@id":"https:\/\/maritesalatiello.com\/it\/prodotto\/human-design-reading\/#primaryimage"},"image":{"@id":"https:\/\/maritesalatiello.com\/it\/prodotto\/human-design-reading\/#primaryimage"},"thumbnailUrl":"https:\/\/maritesalatiello.com\/it\/wp-content\/uploads\/2022\/12\/HD11.jpg","datePublished":"2022-12-27T15:49:25+00:00","dateModified":"2026-04-13T07:59:07+00:00","description":"60 mins 1:1 session to read your specific Bodychart on Zoom, on your specific chart to identify your personal design and channel your energy.","breadcrumb":{"@id":"https:\/\/maritesalatiello.com\/it\/prodotto\/human-design-reading\/#breadcrumb"},"inLanguage":"it-IT","potentialAction":[{"@type":"ReadAction","target":["https:\/\/maritesalatiello.com\/it\/prodotto\/human-design-reading\/"]}]},{"@type":"ImageObject","inLanguage":"it-IT","@id":"https:\/\/maritesalatiello.com\/it\/prodotto\/human-design-reading\/#primaryimage","url":"https:\/\/maritesalatiello.com\/it\/wp-content\/uploads\/2022\/12\/HD11.jpg","contentUrl":"https:\/\/maritesalatiello.com\/it\/wp-content\/uploads\/2022\/12\/HD11.jpg","width":1080,"height":1080},{"@type":"BreadcrumbList","@id":"https:\/\/maritesalatiello.com\/it\/prodotto\/human-design-reading\/#breadcrumb","itemListElement":[{"@type":"ListItem","position":1,"name":"Home","item":"https:\/\/maritesalatiello.com\/it\/"},{"@type":"ListItem","position":2,"name":"Offers","item":"https:\/\/maritesalatiello.com\/it\/corsi\/"},{"@type":"ListItem","position":3,"name":"Human Design Session"}]},{"@type":"WebSite","@id":"https:\/\/maritesalatiello.com\/it\/#website","url":"https:\/\/maritesalatiello.com\/it\/","name":"Marite Salatiello","description":"Actress","publisher":{"@id":"https:\/\/maritesalatiello.com\/it\/#organization"},"potentialAction":[{"@type":"SearchAction","target":{"@type":"EntryPoint","urlTemplate":"https:\/\/maritesalatiello.com\/it\/?s={search_term_string}"},"query-input":{"@type":"PropertyValueSpecification","valueRequired":true,"valueName":"search_term_string"}}],"inLanguage":"it-IT"},{"@type":"Organization","@id":"https:\/\/maritesalatiello.com\/it\/#organization","name":"Marite Salatiello","url":"https:\/\/maritesalatiello.com\/it\/","logo":{"@type":"ImageObject","inLanguage":"it-IT","@id":"https:\/\/maritesalatiello.com\/it\/#\/schema\/logo\/image\/","url":"https:\/\/maritesalatiello.com\/it\/wp-content\/uploads\/2022\/01\/LOGO-MARITE-PICCOLO.jpg","contentUrl":"https:\/\/maritesalatiello.com\/it\/wp-content\/uploads\/2022\/01\/LOGO-MARITE-PICCOLO.jpg","width":542,"height":584,"caption":"Marite Salatiello"},"image":{"@id":"https:\/\/maritesalatiello.com\/it\/#\/schema\/logo\/image\/"}}]}},"jetpack_sharing_enabled":true,"_links":{"self":[{"href":"https:\/\/maritesalatiello.com\/it\/wp-json\/wp\/v2\/product\/2814","targetHints":{"allow":["GET"]}}],"collection":[{"href":"https:\/\/maritesalatiello.com\/it\/wp-json\/wp\/v2\/product"}],"about":[{"href":"https:\/\/maritesalatiello.com\/it\/wp-json\/wp\/v2\/types\/product"}],"wp:featuredmedia":[{"embeddable":true,"href":"https:\/\/maritesalatiello.com\/it\/wp-json\/wp\/v2\/media\/7012"}],"wp:attachment":[{"href":"https:\/\/maritesalatiello.com\/it\/wp-json\/wp\/v2\/media?parent=2814"}],"wp:term":[{"taxonomy":"product_brand","embeddable":true,"href":"https:\/\/maritesalatiello.com\/it\/wp-json\/wp\/v2\/product_brand?post=2814"},{"taxonomy":"product_cat","embeddable":true,"href":"https:\/\/maritesalatiello.com\/it\/wp-json\/wp\/v2\/product_cat?post=2814"},{"taxonomy":"product_tag","embeddable":true,"href":"https:\/\/maritesalatiello.com\/it\/wp-json\/wp\/v2\/product_tag?post=2814"}],"curies":[{"name":"wp","href":"https:\/\/api.w.org\/{rel}","templated":true}]}}